{"id":104174,"date":"2023-01-18T17:19:52","date_gmt":"2023-01-18T16:19:52","guid":{"rendered":"https:\/\/www.emmentaler.ch\/?page_id=104174"},"modified":"2023-02-16T16:31:23","modified_gmt":"2023-02-16T15:31:23","slug":"wir-geniessen-den-moment","status":"publish","type":"page","link":"https:\/\/www.emmentaler.ch\/de\/share-a-piece-of-you\/wir-geniessen-den-moment","title":{"rendered":"WIR GENIESSEN DEN MOMENT"},"content":{"rendered":"\t\t<div data-elementor-type=\"wp-page\" data-elementor-id=\"104174\" class=\"elementor elementor-104174\" data-elementor-post-type=\"page\">\n\t\t\t\t\t\t<div class=\"elementor-inner\">\n\t\t\t\t<div class=\"elementor-section-wrap\">\n\t\t\t\t\t\t\t\t\t<section class=\"elementor-section elementor-top-section elementor-element elementor-element-b64a9a1 elementor-section-full_width elementor-section-height-default elementor-section-height-default\" data-id=\"b64a9a1\" data-element_type=\"section\" data-settings=\"{&quot;jet_parallax_layout_list&quot;:[]}\">\n\t\t\t\t\t\t<div class=\"elementor-container elementor-column-gap-no\">\n\t\t\t\t\t\t\t<div class=\"elementor-row\">\n\t\t\t\t\t<div class=\"elementor-column elementor-col-100 elementor-top-column elementor-element elementor-element-57efab4\" data-id=\"57efab4\" data-element_type=\"column\" id=\"eaop-title-overlay-video-trigger\">\n\t\t\t<div class=\"elementor-column-wrap elementor-element-populated\">\n\t\t\t\t\t\t\t<div class=\"elementor-widget-wrap\">\n\t\t\t\t\t\t<div class=\"elementor-element elementor-element-deb1785 elementor-widget elementor-widget-video\" data-id=\"deb1785\" data-element_type=\"widget\" data-settings=\"{&quot;youtube_url&quot;:&quot;https:\\\/\\\/youtu.be\\\/TqDGcnsbxM8&quot;,&quot;show_image_overlay&quot;:&quot;yes&quot;,&quot;image_overlay&quot;:{&quot;url&quot;:&quot;https:\\\/\\\/www.emmentaler.ch\\\/wp-content\\\/uploads\\\/2023\\\/01\\\/EM_SAPOY_Video_Lifestyle_preview.jpg&quot;,&quot;id&quot;:104052,&quot;size&quot;:&quot;&quot;,&quot;alt&quot;:&quot;&quot;,&quot;source&quot;:&quot;library&quot;},&quot;video_type&quot;:&quot;youtube&quot;,&quot;controls&quot;:&quot;yes&quot;}\" data-widget_type=\"video.default\">\n\t\t\t\t<div class=\"elementor-widget-container\">\n\t\t\t\t\t<div class=\"elementor-wrapper elementor-open-inline\">\n\t\t\t<div class=\"elementor-video\"><\/div>\t\t\t\t<div class=\"elementor-custom-embed-image-overlay\" style=\"background-image: url(https:\/\/www.emmentaler.ch\/wp-content\/uploads\/2023\/01\/EM_SAPOY_Video_Lifestyle_preview.jpg);\">\n\t\t\t\t\t\t\t\t\t\t\t\t\t\t\t\t<div class=\"elementor-custom-embed-play\" role=\"button\" aria-label=\"Video abspielen\" tabindex=\"0\">\n\t\t\t\t\t\t\t<i aria-hidden=\"true\" class=\"eicon-play\"><\/i>\t\t\t\t\t\t\t<span class=\"elementor-screen-only\">Video abspielen<\/span>\n\t\t\t\t\t\t<\/div>\n\t\t\t\t\t\t\t\t\t<\/div>\n\t\t\t\t\t<\/div>\n\t\t\t\t<\/div>\n\t\t\t\t<\/div>\n\t\t\t\t\t\t<\/div>\n\t\t\t\t\t<\/div>\n\t\t<\/div>\n\t\t\t\t\t\t\t\t<\/div>\n\t\t\t\t\t<\/div>\n\t\t<\/section>\n\t\t\t\t<section class=\"elementor-section elementor-top-section elementor-element elementor-element-51d1918 elementor-section-boxed elementor-section-height-default elementor-section-height-default\" data-id=\"51d1918\" data-element_type=\"section\" data-settings=\"{&quot;jet_parallax_layout_list&quot;:[]}\">\n\t\t\t\t\t\t<div class=\"elementor-container elementor-column-gap-default\">\n\t\t\t\t\t\t\t<div class=\"elementor-row\">\n\t\t\t\t\t<div class=\"elementor-column elementor-col-100 elementor-top-column elementor-element elementor-element-0c57e60\" data-id=\"0c57e60\" data-element_type=\"column\">\n\t\t\t<div class=\"elementor-column-wrap elementor-element-populated\">\n\t\t\t\t\t\t\t<div class=\"elementor-widget-wrap\">\n\t\t\t\t\t\t<div class=\"elementor-element elementor-element-cee9ece elementor-absolute elementor-widget__width-initial elementor-widget elementor-widget-heading\" data-id=\"cee9ece\" data-element_type=\"widget\" id=\"eaop-title-overlay-video\" data-settings=\"{&quot;_position&quot;:&quot;absolute&quot;}\" data-widget_type=\"heading.default\">\n\t\t\t\t<div class=\"elementor-widget-container\">\n\t\t\t<h1 class=\"elementor-heading-title elementor-size-default\">WIR GENIESSEN DEN MOMENT.<\/h1>\t\t<\/div>\n\t\t\t\t<\/div>\n\t\t\t\t<div class=\"elementor-element elementor-element-e9ddeb4 elementor-widget elementor-widget-spacer\" data-id=\"e9ddeb4\" data-element_type=\"widget\" data-widget_type=\"spacer.default\">\n\t\t\t\t<div class=\"elementor-widget-container\">\n\t\t\t\t\t<div class=\"elementor-spacer\">\n\t\t\t<div class=\"elementor-spacer-inner\"><\/div>\n\t\t<\/div>\n\t\t\t\t<\/div>\n\t\t\t\t<\/div>\n\t\t\t\t<div class=\"elementor-element elementor-element-3773bec elementor-widget elementor-widget-text-editor\" data-id=\"3773bec\" data-element_type=\"widget\" data-widget_type=\"text-editor.default\">\n\t\t\t\t<div class=\"elementor-widget-container\">\n\t\t\t\t\t\t\t\t<div class=\"elementor-text-editor elementor-clearfix\">\n\t\t\t\t<p>Schau her! W\u00e4hrend ich in meiner K\u00fcche sitze und eines meiner Lieblings-Emmentaler AOP-Rezepte zubereite, werde ich ganz nostalgisch und ich denke zur\u00fcck an alte Zeiten.<\/p><p>Dieses Rezept hat einen besonderen Platz in meinem Herzen, denn es weckt wunderbare Erinnerungen an all die gl\u00fcckliche Momente mit meinen Liebsten. Zuerst besorge ich alle Zutaten: <br \/>100g Emmentaler AOP, 200g Roggenbrot, 150g Rote Beete (Randen) gekocht, 2 Eier, 1 Aubergine, 1 Knoblauchzehe, Oliven\u00f6l, Salz und Pfeffer, Tomaten zum Garnieren. ***<\/p><p>W\u00e4hrend ich alle Zutaten bereitstelle, erinnere ich mich daran, wie ich dieses Emmentaler AOP-Rezept zum ersten Mal ausprobiert habe. <\/p><p>Es war ein warmer Sommerabend und ich plante ein kleines Abendessen mit meinen Freund:innen. Das Rezept wollte ich schon eine ganze Weile ausprobieren und ich konnte es kaum erwarten, es endlich zu testen.<\/p><p>Als ich die beiden Roggenbrotscheiben in der Pfanne anr\u00f6stete, wuchs meine Vorfreude ins beinahe Unermessliche. Ich war mir sicher, dass die Kombination dieser unterschiedlichen Geschmacksrichtungen ein Volltreffer sein w\u00fcrde und ich war voller Vorfreude, die Reaktionen meiner Freunde zu sehen.<\/p><p>Sobald die Canap\u00e9s bereit waren, legte ich sie sorgf\u00e4ltig auf einen grossen Teller und trug diesen ins Esszimmer. Der feine Duft von Emmentaler AOP, Rote Beete (Randen) und Aubergine lag in der Luft und meine Freunde konnten es kaum erwarten meine Kreation zu probieren. Als wir gemeinsam am Tisch sassen und es uns schmecken liessen, wusste ich: Dieses Rezept mit Emmentaler AOP ist etwas ganz Besonderes.<\/p><p>Ja, auch ein einfaches Rezept kann unsere Identit\u00e4t zum Vorschein bringen, und ich bin begeistert, ein St\u00fcck von mir mit meinen Freunden zu teilen. Und mit dir.<\/p>\t\t\t\t\t<\/div>\n\t\t\t\t\t\t<\/div>\n\t\t\t\t<\/div>\n\t\t\t\t<div class=\"elementor-element elementor-element-72311b5 elementor-widget elementor-widget-image\" data-id=\"72311b5\" data-element_type=\"widget\" data-widget_type=\"image.default\">\n\t\t\t\t<div class=\"elementor-widget-container\">\n\t\t\t\t\t\t\t\t<div class=\"elementor-image\">\n\t\t\t\t\t\t\t\t\t\t\t\t<img loading=\"lazy\" decoding=\"async\" width=\"800\" height=\"800\" src=\"https:\/\/www.emmentaler.ch\/wp-content\/uploads\/2023\/01\/EM_SAPOY_Lifestyle_Article.jpg\" class=\"attachment-large size-large wp-image-104204\" alt=\"\" srcset=\"https:\/\/www.emmentaler.ch\/wp-content\/uploads\/2023\/01\/EM_SAPOY_Lifestyle_Article.jpg 931w, https:\/\/www.emmentaler.ch\/wp-content\/uploads\/2023\/01\/EM_SAPOY_Lifestyle_Article-300x300.jpg 300w, https:\/\/www.emmentaler.ch\/wp-content\/uploads\/2023\/01\/EM_SAPOY_Lifestyle_Article-150x150.jpg 150w, https:\/\/www.emmentaler.ch\/wp-content\/uploads\/2023\/01\/EM_SAPOY_Lifestyle_Article-768x768.jpg 768w\" sizes=\"(max-width: 800px) 100vw, 800px\">\t\t\t\t\t\t\t\t\t\t\t\t\t\t<\/div>\n\t\t\t\t\t\t<\/div>\n\t\t\t\t<\/div>\n\t\t\t\t<div class=\"elementor-element elementor-element-9c8f2e6 elementor-widget elementor-widget-text-editor\" data-id=\"9c8f2e6\" data-element_type=\"widget\" data-widget_type=\"text-editor.default\">\n\t\t\t\t<div class=\"elementor-widget-container\">\n\t\t\t\t\t\t\t\t<div class=\"elementor-text-editor elementor-clearfix\">\n\t\t\t\t<p><strong>* Rezept:<\/strong><br \/>Aubergine in W\u00fcrfel schneiden und mit Oliven\u00f6l in einer Pfanne zusammen mit einer Knoblauchzehe anbraten, bis sie zart und braun gebraten sind. Mit etwas Salz und Pfeffer w\u00fcrzen. Danach alles in einen Blender geben und cremig mixen. Die gesch\u00e4lte und gekochte Rote Beete (Randen) in W\u00fcrfelchen schneiden und zusammen mit 50ml heissem Wasser, einem Essl\u00f6ffel Oliven\u00f6l und einer Prise Salz im Blender mixen. Eier in heissem Wasser ca. sieben bis acht Minuten kochen, danach sch\u00e4len und das gekochte Eigelb behalten. Zwei Scheiben Roggenbrot in einer Pfanne gold-braun braten und in eine viereckige Form schneiden. Canap\u00e9s mit dem Roggenbrot als Basis, cremiger Aubergine, einem zweiten St\u00fcck Brot und einem sch\u00f6nen St\u00fcck Emmentaler AOP als Kr\u00f6nung zubereiten. Serviere alles mit einem feinen Tupfer Rote-Beete-Creme (Randen-Creme), einigen Tomatenscheiben und Kr\u00fcmeln des hartgekochten Eigelbs. Viel Spass beim Geniessen!<\/p>\t\t\t\t\t<\/div>\n\t\t\t\t\t\t<\/div>\n\t\t\t\t<\/div>\n\t\t\t\t\t\t<\/div>\n\t\t\t\t\t<\/div>\n\t\t<\/div>\n\t\t\t\t\t\t\t\t<\/div>\n\t\t\t\t\t<\/div>\n\t\t<\/section>\n\t\t\t\t<section class=\"elementor-section elementor-top-section elementor-element elementor-element-64ba5b2 elementor-section-boxed elementor-section-height-default elementor-section-height-default\" data-id=\"64ba5b2\" data-element_type=\"section\" data-settings=\"{&quot;jet_parallax_layout_list&quot;:[]}\">\n\t\t\t\t\t\t<div class=\"elementor-container elementor-column-gap-default\">\n\t\t\t\t\t\t\t<div class=\"elementor-row\">\n\t\t\t\t\t<div class=\"elementor-column elementor-col-100 elementor-top-column elementor-element elementor-element-bc2cff6\" data-id=\"bc2cff6\" data-element_type=\"column\">\n\t\t\t<div class=\"elementor-column-wrap elementor-element-populated\">\n\t\t\t\t\t\t\t<div class=\"elementor-widget-wrap\">\n\t\t\t\t\t\t<div class=\"elementor-element elementor-element-5cea131 elementor-widget elementor-widget-spacer\" data-id=\"5cea131\" data-element_type=\"widget\" data-widget_type=\"spacer.default\">\n\t\t\t\t<div class=\"elementor-widget-container\">\n\t\t\t\t\t<div class=\"elementor-spacer\">\n\t\t\t<div class=\"elementor-spacer-inner\"><\/div>\n\t\t<\/div>\n\t\t\t\t<\/div>\n\t\t\t\t<\/div>\n\t\t\t\t<div class=\"elementor-element elementor-element-3c96c34 elementor-align-center elementor-widget elementor-widget-button\" data-id=\"3c96c34\" data-element_type=\"widget\" data-widget_type=\"button.default\">\n\t\t\t\t<div class=\"elementor-widget-container\">\n\t\t\t\t\t<div class=\"elementor-button-wrapper\">\n\t\t\t<a class=\"elementor-button elementor-button-link elementor-size-sm\" href=\"https:\/\/www.emmentaler.ch\/de\/share-a-piece-of-you\">\n\t\t\t\t\t\t<span class=\"elementor-button-content-wrapper\">\n\t\t\t\t\t\t<span class=\"elementor-button-text\">Zur \u00dcbersicht<\/span>\n\t\t<\/span>\n\t\t\t\t\t<\/a>\n\t\t<\/div>\n\t\t\t\t<\/div>\n\t\t\t\t<\/div>\n\t\t\t\t<div class=\"elementor-element elementor-element-de68852 elementor-widget elementor-widget-spacer\" data-id=\"de68852\" data-element_type=\"widget\" data-widget_type=\"spacer.default\">\n\t\t\t\t<div class=\"elementor-widget-container\">\n\t\t\t\t\t<div class=\"elementor-spacer\">\n\t\t\t<div class=\"elementor-spacer-inner\"><\/div>\n\t\t<\/div>\n\t\t\t\t<\/div>\n\t\t\t\t<\/div>\n\t\t\t\t<div class=\"elementor-element elementor-element-ef56449 elementor-widget elementor-widget-heading\" data-id=\"ef56449\" data-element_type=\"widget\" data-widget_type=\"heading.default\">\n\t\t\t\t<div class=\"elementor-widget-container\">\n\t\t\t<div class=\"elementor-heading-title elementor-size-default\">Beitrag teilen<\/div>\t\t<\/div>\n\t\t\t\t<\/div>\n\t\t\t\t<div class=\"elementor-element elementor-element-fe14424 elementor-share-buttons--view-icon elementor-share-buttons--skin-flat elementor-share-buttons--shape-circle elementor-share-buttons--align-center elementor-share-buttons--color-custom elementor-grid-0 elementor-widget elementor-widget-share-buttons\" data-id=\"fe14424\" data-element_type=\"widget\" data-widget_type=\"share-buttons.default\">\n\t\t\t\t<div class=\"elementor-widget-container\">\n\t\t\t\t\t<div class=\"elementor-grid\">\n\t\t\t\t\t\t\t\t<div class=\"elementor-grid-item\">\n\t\t\t\t\t\t<div\n\t\t\t\t\t\t\tclass=\"elementor-share-btn elementor-share-btn_facebook\"\n\t\t\t\t\t\t\trole=\"button\"\n\t\t\t\t\t\t\ttabindex=\"0\"\n\t\t\t\t\t\t\taria-label=\"Teilen auf facebook\"\n\t\t\t\t\t\t>\n\t\t\t\t\t\t\t\t\t\t\t\t\t\t\t<span class=\"elementor-share-btn__icon\">\n\t\t\t\t\t\t\t\t<i class=\"fab fa-facebook\" aria-hidden=\"true\"><\/i>\t\t\t\t\t\t\t<\/span>\n\t\t\t\t\t\t\t\t\t\t\t\t\t\t\t\t\t\t\t\t<\/div>\n\t\t\t\t\t<\/div>\n\t\t\t\t\t\t\t\t\t<div class=\"elementor-grid-item\">\n\t\t\t\t\t\t<div\n\t\t\t\t\t\t\tclass=\"elementor-share-btn elementor-share-btn_twitter\"\n\t\t\t\t\t\t\trole=\"button\"\n\t\t\t\t\t\t\ttabindex=\"0\"\n\t\t\t\t\t\t\taria-label=\"Teilen auf twitter\"\n\t\t\t\t\t\t>\n\t\t\t\t\t\t\t\t\t\t\t\t\t\t\t<span class=\"elementor-share-btn__icon\">\n\t\t\t\t\t\t\t\t<i class=\"fab fa-twitter\" aria-hidden=\"true\"><\/i>\t\t\t\t\t\t\t<\/span>\n\t\t\t\t\t\t\t\t\t\t\t\t\t\t\t\t\t\t\t\t<\/div>\n\t\t\t\t\t<\/div>\n\t\t\t\t\t\t\t\t\t<div class=\"elementor-grid-item\">\n\t\t\t\t\t\t<div\n\t\t\t\t\t\t\tclass=\"elementor-share-btn elementor-share-btn_linkedin\"\n\t\t\t\t\t\t\trole=\"button\"\n\t\t\t\t\t\t\ttabindex=\"0\"\n\t\t\t\t\t\t\taria-label=\"Teilen auf linkedin\"\n\t\t\t\t\t\t>\n\t\t\t\t\t\t\t\t\t\t\t\t\t\t\t<span class=\"elementor-share-btn__icon\">\n\t\t\t\t\t\t\t\t<i class=\"fab fa-linkedin\" aria-hidden=\"true\"><\/i>\t\t\t\t\t\t\t<\/span>\n\t\t\t\t\t\t\t\t\t\t\t\t\t\t\t\t\t\t\t\t<\/div>\n\t\t\t\t\t<\/div>\n\t\t\t\t\t\t\t\t\t<div class=\"elementor-grid-item\">\n\t\t\t\t\t\t<div\n\t\t\t\t\t\t\tclass=\"elementor-share-btn elementor-share-btn_email\"\n\t\t\t\t\t\t\trole=\"button\"\n\t\t\t\t\t\t\ttabindex=\"0\"\n\t\t\t\t\t\t\taria-label=\"Teilen auf email\"\n\t\t\t\t\t\t>\n\t\t\t\t\t\t\t\t\t\t\t\t\t\t\t<span class=\"elementor-share-btn__icon\">\n\t\t\t\t\t\t\t\t<i class=\"fas fa-envelope\" aria-hidden=\"true\"><\/i>\t\t\t\t\t\t\t<\/span>\n\t\t\t\t\t\t\t\t\t\t\t\t\t\t\t\t\t\t\t\t<\/div>\n\t\t\t\t\t<\/div>\n\t\t\t\t\t\t\t\t\t<div class=\"elementor-grid-item\">\n\t\t\t\t\t\t<div\n\t\t\t\t\t\t\tclass=\"elementor-share-btn elementor-share-btn_whatsapp\"\n\t\t\t\t\t\t\trole=\"button\"\n\t\t\t\t\t\t\ttabindex=\"0\"\n\t\t\t\t\t\t\taria-label=\"Teilen auf whatsapp\"\n\t\t\t\t\t\t>\n\t\t\t\t\t\t\t\t\t\t\t\t\t\t\t<span class=\"elementor-share-btn__icon\">\n\t\t\t\t\t\t\t\t<i class=\"fab fa-whatsapp\" aria-hidden=\"true\"><\/i>\t\t\t\t\t\t\t<\/span>\n\t\t\t\t\t\t\t\t\t\t\t\t\t\t\t\t\t\t\t\t<\/div>\n\t\t\t\t\t<\/div>\n\t\t\t\t\t\t<\/div>\n\t\t\t\t<\/div>\n\t\t\t\t<\/div>\n\t\t\t\t<div class=\"elementor-element elementor-element-e40ca1f elementor-widget elementor-widget-spacer\" data-id=\"e40ca1f\" data-element_type=\"widget\" data-widget_type=\"spacer.default\">\n\t\t\t\t<div class=\"elementor-widget-container\">\n\t\t\t\t\t<div class=\"elementor-spacer\">\n\t\t\t<div class=\"elementor-spacer-inner\"><\/div>\n\t\t<\/div>\n\t\t\t\t<\/div>\n\t\t\t\t<\/div>\n\t\t\t\t\t\t<\/div>\n\t\t\t\t\t<\/div>\n\t\t<\/div>\n\t\t\t\t\t\t\t\t<\/div>\n\t\t\t\t\t<\/div>\n\t\t<\/section>\n\t\t\t\t\t\t\t\t\t<\/div>\n\t\t\t<\/div>\n\t\t\t\t\t<\/div>\n\t\t","protected":false},"excerpt":{"rendered":"<p>WIR GENIESSEN DEN MOMENT. Schau her! W\u00e4hrend ich in meiner K\u00fcche sitze und eines meiner Lieblings-Emmentaler AOP-Rezepte zubereite, werde ich ganz nostalgisch und ich denke zur\u00fcck an alte Zeiten. Dieses Rezept hat einen besonderen Platz in meinem Herzen, denn es weckt wunderbare Erinnerungen an all die gl\u00fcckliche Momente mit meinen Liebsten. Zuerst besorge ich alle [&hellip;]<\/p>\n","protected":false},"author":2,"featured_media":104052,"parent":104007,"menu_order":0,"comment_status":"closed","ping_status":"closed","template":"elementor_header_footer","meta":{"inline_featured_image":false,"footnotes":""},"tags":[],"et_countries":[],"acf":{"additional_infos_teaser_title":"Share A Piece Of You","additional_infos_related_contents":""},"_links":{"self":[{"href":"https:\/\/www.emmentaler.ch\/de\/wp-json\/wp\/v2\/pages\/104174"}],"collection":[{"href":"https:\/\/www.emmentaler.ch\/de\/wp-json\/wp\/v2\/pages"}],"about":[{"href":"https:\/\/www.emmentaler.ch\/de\/wp-json\/wp\/v2\/types\/page"}],"author":[{"embeddable":true,"href":"https:\/\/www.emmentaler.ch\/de\/wp-json\/wp\/v2\/users\/2"}],"replies":[{"embeddable":true,"href":"https:\/\/www.emmentaler.ch\/de\/wp-json\/wp\/v2\/comments?post=104174"}],"version-history":[{"count":0,"href":"https:\/\/www.emmentaler.ch\/de\/wp-json\/wp\/v2\/pages\/104174\/revisions"}],"up":[{"embeddable":true,"href":"https:\/\/www.emmentaler.ch\/de\/wp-json\/wp\/v2\/pages\/104007"}],"wp:featuredmedia":[{"embeddable":true,"href":"https:\/\/www.emmentaler.ch\/de\/wp-json\/wp\/v2\/media\/104052"}],"wp:attachment":[{"href":"https:\/\/www.emmentaler.ch\/de\/wp-json\/wp\/v2\/media?parent=104174"}],"wp:term":[{"taxonomy":"post_tag","embeddable":true,"href":"https:\/\/www.emmentaler.ch\/de\/wp-json\/wp\/v2\/tags?post=104174"},{"taxonomy":"et_countries","embeddable":true,"href":"https:\/\/www.emmentaler.ch\/de\/wp-json\/wp\/v2\/et_countries?post=104174"}],"curies":[{"name":"wp","href":"https:\/\/api.w.org\/{rel}","templated":true}]}}