{"id":115177,"date":"2023-01-18T17:12:57","date_gmt":"2023-01-18T16:12:57","guid":{"rendered":"https:\/\/www.emmentaler.ch\/share-a-piece-of-you\/queremos-aire-puro"},"modified":"2023-03-21T10:50:26","modified_gmt":"2023-03-21T09:50:26","slug":"queremos-aire-puro","status":"publish","type":"page","link":"https:\/\/www.emmentaler.ch\/es\/share-a-piece-of-you\/queremos-aire-puro","title":{"rendered":"QUEREMOS AIRE PURO."},"content":{"rendered":"\t\t<div data-elementor-type=\"wp-page\" data-elementor-id=\"115177\" class=\"elementor elementor-115177 elementor-104163\" data-elementor-post-type=\"page\">\n\t\t\t\t\t\t<div class=\"elementor-inner\">\n\t\t\t\t<div class=\"elementor-section-wrap\">\n\t\t\t\t\t\t\t\t\t<section class=\"elementor-section elementor-top-section elementor-element elementor-element-b64a9a1 elementor-section-full_width elementor-section-height-default elementor-section-height-default\" data-id=\"b64a9a1\" data-element_type=\"section\" data-settings=\"{&quot;jet_parallax_layout_list&quot;:[]}\">\n\t\t\t\t\t\t<div class=\"elementor-container elementor-column-gap-no\">\n\t\t\t\t\t\t\t<div class=\"elementor-row\">\n\t\t\t\t\t<div class=\"elementor-column elementor-col-100 elementor-top-column elementor-element elementor-element-57efab4\" data-id=\"57efab4\" data-element_type=\"column\" id=\"eaop-title-overlay-video-trigger\">\n\t\t\t<div class=\"elementor-column-wrap elementor-element-populated\">\n\t\t\t\t\t\t\t<div class=\"elementor-widget-wrap\">\n\t\t\t\t\t\t<div class=\"elementor-element elementor-element-deb1785 elementor-widget elementor-widget-video\" data-id=\"deb1785\" data-element_type=\"widget\" data-settings=\"{&quot;youtube_url&quot;:&quot;https:\\\/\\\/youtu.be\\\/gr4Xm95CvXw&quot;,&quot;show_image_overlay&quot;:&quot;yes&quot;,&quot;image_overlay&quot;:{&quot;url&quot;:&quot;https:\\\/\\\/www.emmentaler.ch\\\/wp-content\\\/uploads\\\/2023\\\/01\\\/EM_SAPOY_Video_Travel_preview.jpg&quot;,&quot;id&quot;:104036,&quot;size&quot;:&quot;&quot;,&quot;alt&quot;:&quot;&quot;,&quot;source&quot;:&quot;library&quot;},&quot;video_type&quot;:&quot;youtube&quot;,&quot;controls&quot;:&quot;yes&quot;}\" data-widget_type=\"video.default\">\n\t\t\t\t<div class=\"elementor-widget-container\">\n\t\t\t\t\t<div class=\"elementor-wrapper elementor-open-inline\">\n\t\t\t<div class=\"elementor-video\"><\/div>\t\t\t\t<div class=\"elementor-custom-embed-image-overlay\" style=\"background-image: url(https:\/\/www.emmentaler.ch\/wp-content\/uploads\/2023\/01\/EM_SAPOY_Video_Travel_preview.jpg);\">\n\t\t\t\t\t\t\t\t\t\t\t\t\t\t\t\t<div class=\"elementor-custom-embed-play\" role=\"button\" aria-label=\"Reproducir v\u00eddeo\" tabindex=\"0\">\n\t\t\t\t\t\t\t<i aria-hidden=\"true\" class=\"eicon-play\"><\/i>\t\t\t\t\t\t\t<span class=\"elementor-screen-only\">Reproducir v\u00eddeo<\/span>\n\t\t\t\t\t\t<\/div>\n\t\t\t\t\t\t\t\t\t<\/div>\n\t\t\t\t\t<\/div>\n\t\t\t\t<\/div>\n\t\t\t\t<\/div>\n\t\t\t\t\t\t<\/div>\n\t\t\t\t\t<\/div>\n\t\t<\/div>\n\t\t\t\t\t\t\t\t<\/div>\n\t\t\t\t\t<\/div>\n\t\t<\/section>\n\t\t\t\t<section class=\"elementor-section elementor-top-section elementor-element elementor-element-51d1918 elementor-section-boxed elementor-section-height-default elementor-section-height-default\" data-id=\"51d1918\" data-element_type=\"section\" data-settings=\"{&quot;jet_parallax_layout_list&quot;:[]}\">\n\t\t\t\t\t\t<div class=\"elementor-container elementor-column-gap-default\">\n\t\t\t\t\t\t\t<div class=\"elementor-row\">\n\t\t\t\t\t<div class=\"elementor-column elementor-col-100 elementor-top-column elementor-element elementor-element-0c57e60\" data-id=\"0c57e60\" data-element_type=\"column\">\n\t\t\t<div class=\"elementor-column-wrap elementor-element-populated\">\n\t\t\t\t\t\t\t<div class=\"elementor-widget-wrap\">\n\t\t\t\t\t\t<div class=\"elementor-element elementor-element-cee9ece elementor-absolute elementor-widget__width-initial elementor-widget elementor-widget-heading\" data-id=\"cee9ece\" data-element_type=\"widget\" id=\"eaop-title-overlay-video\" data-settings=\"{&quot;_position&quot;:&quot;absolute&quot;}\" data-widget_type=\"heading.default\">\n\t\t\t\t<div class=\"elementor-widget-container\">\n\t\t\t<h1 class=\"elementor-heading-title elementor-size-default\">QUEREMOS AIRE PURO.<\/h1>\t\t<\/div>\n\t\t\t\t<\/div>\n\t\t\t\t<div class=\"elementor-element elementor-element-e9ddeb4 elementor-widget elementor-widget-spacer\" data-id=\"e9ddeb4\" data-element_type=\"widget\" data-widget_type=\"spacer.default\">\n\t\t\t\t<div class=\"elementor-widget-container\">\n\t\t\t\t\t<div class=\"elementor-spacer\">\n\t\t\t<div class=\"elementor-spacer-inner\"><\/div>\n\t\t<\/div>\n\t\t\t\t<\/div>\n\t\t\t\t<\/div>\n\t\t\t\t<div class=\"elementor-element elementor-element-3773bec elementor-widget elementor-widget-text-editor\" data-id=\"3773bec\" data-element_type=\"widget\" data-widget_type=\"text-editor.default\">\n\t\t\t\t<div class=\"elementor-widget-container\">\n\t\t\t\t\t\t\t\t<div class=\"elementor-text-editor elementor-clearfix\">\n\t\t\t\t<p>Estoy aqu\u00ed sentada en mi tienda de campa\u00f1a, en el hermoso paisaje suizo de Gstaad, disfrutando de los recuerdos que estoy construyendo con mi amiga.<br \/>\nViajar de acampada me ha acercado a mi propia alma y estoy disfrutando de cada momento.<\/p>\n<p>Desde el momento en que llegamos a Gstaad supe que este viaje iba a ser especial. El paisaje monta\u00f1oso es impresionante, el aire fresco aire de los Alpes y la hospitalidad de la gente del lugar se combinaron para crear una sensaci\u00f3n de pura alegr\u00eda y satisfacci\u00f3n.<br \/>\nMientras camin\u00e1bamos por las colinas y los prados, sent\u00ed que mi esp\u00edritu cobraba vida.<br \/>\nLa belleza del paisaje suizo toc\u00f3 algo profundo en m\u00ed, llen\u00e1ndome de una sensaci\u00f3n de paz y conexi\u00f3n con el mundo natural.<\/p>\n\t\t\t\t\t<\/div>\n\t\t\t\t\t\t<\/div>\n\t\t\t\t<\/div>\n\t\t\t\t<div class=\"elementor-element elementor-element-72311b5 elementor-widget elementor-widget-image\" data-id=\"72311b5\" data-element_type=\"widget\" data-widget_type=\"image.default\">\n\t\t\t\t<div class=\"elementor-widget-container\">\n\t\t\t\t\t\t\t\t<div class=\"elementor-image\">\n\t\t\t\t\t\t\t\t\t\t\t\t<img loading=\"lazy\" decoding=\"async\" width=\"800\" height=\"800\" src=\"https:\/\/www.emmentaler.ch\/wp-content\/uploads\/2023\/01\/EM_SAPOY_Travel_Article.jpg\" class=\"attachment-large size-large wp-image-104222\" alt=\"\" srcset=\"https:\/\/www.emmentaler.ch\/wp-content\/uploads\/2023\/01\/EM_SAPOY_Travel_Article.jpg 931w, https:\/\/www.emmentaler.ch\/wp-content\/uploads\/2023\/01\/EM_SAPOY_Travel_Article-300x300.jpg 300w, https:\/\/www.emmentaler.ch\/wp-content\/uploads\/2023\/01\/EM_SAPOY_Travel_Article-150x150.jpg 150w, https:\/\/www.emmentaler.ch\/wp-content\/uploads\/2023\/01\/EM_SAPOY_Travel_Article-768x768.jpg 768w\" sizes=\"(max-width: 800px) 100vw, 800px\">\t\t\t\t\t\t\t\t\t\t\t\t\t\t<\/div>\n\t\t\t\t\t\t<\/div>\n\t\t\t\t<\/div>\n\t\t\t\t<div class=\"elementor-element elementor-element-9c8f2e6 elementor-widget elementor-widget-text-editor\" data-id=\"9c8f2e6\" data-element_type=\"widget\" data-widget_type=\"text-editor.default\">\n\t\t\t\t<div class=\"elementor-widget-container\">\n\t\t\t\t\t\t\t\t<div class=\"elementor-text-editor elementor-clearfix\">\n\t\t\t\t<p>Pero no fue solo el paisaje lo que hizo que este viaje fuera memorable. Tambi\u00e9n fue todo lo que pude vivir con mi mejor amiga, compartiendo nuestras emociones y experiencias mientras explor\u00e1bamos este hermoso pa\u00eds. Bebiendo una copa de vino y charlando junto a una hoguera o disfrutando de un delicioso queso Emmentaler AOP y otras maravillas locales, en todo momento sab\u00eda que estaba creando recuerdos que atesorar\u00e9 para siempre.<\/p>\n<p>Mientras el sol se pone tras otro d\u00eda de aventura, me siento agradecida por la oportunidad de viajar, acampar y experimentar todo lo que Suiza tiene para ofrecer.<br \/>\nEste viaje me ha llegado al alma de una manera que nunca olvidar\u00e9.<\/p>\n<p>Cada lugar que visito es un trozo de m\u00ed que me encanta compartir con quienes me acompa\u00f1an durante el viaje. Y contigo.<\/p>\n\t\t\t\t\t<\/div>\n\t\t\t\t\t\t<\/div>\n\t\t\t\t<\/div>\n\t\t\t\t\t\t<\/div>\n\t\t\t\t\t<\/div>\n\t\t<\/div>\n\t\t\t\t\t\t\t\t<\/div>\n\t\t\t\t\t<\/div>\n\t\t<\/section>\n\t\t\t\t<section class=\"elementor-section elementor-top-section elementor-element elementor-element-64ba5b2 elementor-section-boxed elementor-section-height-default elementor-section-height-default\" data-id=\"64ba5b2\" data-element_type=\"section\" data-settings=\"{&quot;jet_parallax_layout_list&quot;:[]}\">\n\t\t\t\t\t\t<div class=\"elementor-container elementor-column-gap-default\">\n\t\t\t\t\t\t\t<div class=\"elementor-row\">\n\t\t\t\t\t<div class=\"elementor-column elementor-col-100 elementor-top-column elementor-element elementor-element-bc2cff6\" data-id=\"bc2cff6\" data-element_type=\"column\">\n\t\t\t<div class=\"elementor-column-wrap elementor-element-populated\">\n\t\t\t\t\t\t\t<div class=\"elementor-widget-wrap\">\n\t\t\t\t\t\t<div class=\"elementor-element elementor-element-5cea131 elementor-widget elementor-widget-spacer\" data-id=\"5cea131\" data-element_type=\"widget\" data-widget_type=\"spacer.default\">\n\t\t\t\t<div class=\"elementor-widget-container\">\n\t\t\t\t\t<div class=\"elementor-spacer\">\n\t\t\t<div class=\"elementor-spacer-inner\"><\/div>\n\t\t<\/div>\n\t\t\t\t<\/div>\n\t\t\t\t<\/div>\n\t\t\t\t<div class=\"elementor-element elementor-element-3c96c34 elementor-align-center elementor-widget elementor-widget-button\" data-id=\"3c96c34\" data-element_type=\"widget\" data-widget_type=\"button.default\">\n\t\t\t\t<div class=\"elementor-widget-container\">\n\t\t\t\t\t<div class=\"elementor-button-wrapper\">\n\t\t\t<a class=\"elementor-button elementor-button-link elementor-size-sm\" href=\"https:\/\/www.emmentaler.ch\/es\/share-a-piece-of-you\">\n\t\t\t\t\t\t<span class=\"elementor-button-content-wrapper\">\n\t\t\t\t\t\t<span class=\"elementor-button-text\">Volver a la vista general<\/span>\n\t\t<\/span>\n\t\t\t\t\t<\/a>\n\t\t<\/div>\n\t\t\t\t<\/div>\n\t\t\t\t<\/div>\n\t\t\t\t<div class=\"elementor-element elementor-element-de68852 elementor-widget elementor-widget-spacer\" data-id=\"de68852\" data-element_type=\"widget\" data-widget_type=\"spacer.default\">\n\t\t\t\t<div class=\"elementor-widget-container\">\n\t\t\t\t\t<div class=\"elementor-spacer\">\n\t\t\t<div class=\"elementor-spacer-inner\"><\/div>\n\t\t<\/div>\n\t\t\t\t<\/div>\n\t\t\t\t<\/div>\n\t\t\t\t<div class=\"elementor-element elementor-element-ef56449 elementor-widget elementor-widget-heading\" data-id=\"ef56449\" data-element_type=\"widget\" data-widget_type=\"heading.default\">\n\t\t\t\t<div class=\"elementor-widget-container\">\n\t\t\t<div class=\"elementor-heading-title elementor-size-default\">Compartir el puesto<\/div>\t\t<\/div>\n\t\t\t\t<\/div>\n\t\t\t\t<div class=\"elementor-element elementor-element-fe14424 elementor-share-buttons--view-icon elementor-share-buttons--skin-flat elementor-share-buttons--shape-circle elementor-share-buttons--align-center elementor-share-buttons--color-custom elementor-grid-0 elementor-widget elementor-widget-share-buttons\" data-id=\"fe14424\" data-element_type=\"widget\" data-widget_type=\"share-buttons.default\">\n\t\t\t\t<div class=\"elementor-widget-container\">\n\t\t\t\t\t<div class=\"elementor-grid\">\n\t\t\t\t\t\t\t\t<div class=\"elementor-grid-item\">\n\t\t\t\t\t\t<div\n\t\t\t\t\t\t\tclass=\"elementor-share-btn elementor-share-btn_facebook\"\n\t\t\t\t\t\t\trole=\"button\"\n\t\t\t\t\t\t\ttabindex=\"0\"\n\t\t\t\t\t\t\taria-label=\"Compartir en facebook\"\n\t\t\t\t\t\t>\n\t\t\t\t\t\t\t\t\t\t\t\t\t\t\t<span class=\"elementor-share-btn__icon\">\n\t\t\t\t\t\t\t\t<i class=\"fab fa-facebook\" aria-hidden=\"true\"><\/i>\t\t\t\t\t\t\t<\/span>\n\t\t\t\t\t\t\t\t\t\t\t\t\t\t\t\t\t\t\t\t<\/div>\n\t\t\t\t\t<\/div>\n\t\t\t\t\t\t\t\t\t<div class=\"elementor-grid-item\">\n\t\t\t\t\t\t<div\n\t\t\t\t\t\t\tclass=\"elementor-share-btn elementor-share-btn_twitter\"\n\t\t\t\t\t\t\trole=\"button\"\n\t\t\t\t\t\t\ttabindex=\"0\"\n\t\t\t\t\t\t\taria-label=\"Compartir en twitter\"\n\t\t\t\t\t\t>\n\t\t\t\t\t\t\t\t\t\t\t\t\t\t\t<span class=\"elementor-share-btn__icon\">\n\t\t\t\t\t\t\t\t<i class=\"fab fa-twitter\" aria-hidden=\"true\"><\/i>\t\t\t\t\t\t\t<\/span>\n\t\t\t\t\t\t\t\t\t\t\t\t\t\t\t\t\t\t\t\t<\/div>\n\t\t\t\t\t<\/div>\n\t\t\t\t\t\t\t\t\t<div class=\"elementor-grid-item\">\n\t\t\t\t\t\t<div\n\t\t\t\t\t\t\tclass=\"elementor-share-btn elementor-share-btn_linkedin\"\n\t\t\t\t\t\t\trole=\"button\"\n\t\t\t\t\t\t\ttabindex=\"0\"\n\t\t\t\t\t\t\taria-label=\"Compartir en linkedin\"\n\t\t\t\t\t\t>\n\t\t\t\t\t\t\t\t\t\t\t\t\t\t\t<span class=\"elementor-share-btn__icon\">\n\t\t\t\t\t\t\t\t<i class=\"fab fa-linkedin\" aria-hidden=\"true\"><\/i>\t\t\t\t\t\t\t<\/span>\n\t\t\t\t\t\t\t\t\t\t\t\t\t\t\t\t\t\t\t\t<\/div>\n\t\t\t\t\t<\/div>\n\t\t\t\t\t\t\t\t\t<div class=\"elementor-grid-item\">\n\t\t\t\t\t\t<div\n\t\t\t\t\t\t\tclass=\"elementor-share-btn elementor-share-btn_email\"\n\t\t\t\t\t\t\trole=\"button\"\n\t\t\t\t\t\t\ttabindex=\"0\"\n\t\t\t\t\t\t\taria-label=\"Compartir en email\"\n\t\t\t\t\t\t>\n\t\t\t\t\t\t\t\t\t\t\t\t\t\t\t<span class=\"elementor-share-btn__icon\">\n\t\t\t\t\t\t\t\t<i class=\"fas fa-envelope\" aria-hidden=\"true\"><\/i>\t\t\t\t\t\t\t<\/span>\n\t\t\t\t\t\t\t\t\t\t\t\t\t\t\t\t\t\t\t\t<\/div>\n\t\t\t\t\t<\/div>\n\t\t\t\t\t\t\t\t\t<div class=\"elementor-grid-item\">\n\t\t\t\t\t\t<div\n\t\t\t\t\t\t\tclass=\"elementor-share-btn elementor-share-btn_whatsapp\"\n\t\t\t\t\t\t\trole=\"button\"\n\t\t\t\t\t\t\ttabindex=\"0\"\n\t\t\t\t\t\t\taria-label=\"Compartir en whatsapp\"\n\t\t\t\t\t\t>\n\t\t\t\t\t\t\t\t\t\t\t\t\t\t\t<span class=\"elementor-share-btn__icon\">\n\t\t\t\t\t\t\t\t<i class=\"fab fa-whatsapp\" aria-hidden=\"true\"><\/i>\t\t\t\t\t\t\t<\/span>\n\t\t\t\t\t\t\t\t\t\t\t\t\t\t\t\t\t\t\t\t<\/div>\n\t\t\t\t\t<\/div>\n\t\t\t\t\t\t<\/div>\n\t\t\t\t<\/div>\n\t\t\t\t<\/div>\n\t\t\t\t<div class=\"elementor-element elementor-element-e40ca1f elementor-widget elementor-widget-spacer\" data-id=\"e40ca1f\" data-element_type=\"widget\" data-widget_type=\"spacer.default\">\n\t\t\t\t<div class=\"elementor-widget-container\">\n\t\t\t\t\t<div class=\"elementor-spacer\">\n\t\t\t<div class=\"elementor-spacer-inner\"><\/div>\n\t\t<\/div>\n\t\t\t\t<\/div>\n\t\t\t\t<\/div>\n\t\t\t\t\t\t<\/div>\n\t\t\t\t\t<\/div>\n\t\t<\/div>\n\t\t\t\t\t\t\t\t<\/div>\n\t\t\t\t\t<\/div>\n\t\t<\/section>\n\t\t\t\t\t\t\t\t\t<\/div>\n\t\t\t<\/div>\n\t\t\t\t\t<\/div>\n\t\t","protected":false},"excerpt":{"rendered":"<p>QUEREMOS AIRE PURO. Estoy aqu\u00ed sentada en mi tienda de campa\u00f1a, en el hermoso paisaje suizo de Gstaad, disfrutando de los recuerdos que estoy construyendo con mi amiga. Viajar de acampada me ha acercado a mi propia alma y estoy disfrutando de cada momento. Desde el momento en que llegamos a Gstaad supe que este [&hellip;]<\/p>\n","protected":false},"author":2,"featured_media":104036,"parent":115173,"menu_order":0,"comment_status":"closed","ping_status":"closed","template":"elementor_header_footer","meta":{"inline_featured_image":false,"footnotes":""},"tags":[],"et_countries":[],"acf":{"additional_infos_teaser_title":"Share A Piece Of You","additional_infos_related_contents":null},"_links":{"self":[{"href":"https:\/\/www.emmentaler.ch\/es\/wp-json\/wp\/v2\/pages\/115177"}],"collection":[{"href":"https:\/\/www.emmentaler.ch\/es\/wp-json\/wp\/v2\/pages"}],"about":[{"href":"https:\/\/www.emmentaler.ch\/es\/wp-json\/wp\/v2\/types\/page"}],"author":[{"embeddable":true,"href":"https:\/\/www.emmentaler.ch\/es\/wp-json\/wp\/v2\/users\/2"}],"replies":[{"embeddable":true,"href":"https:\/\/www.emmentaler.ch\/es\/wp-json\/wp\/v2\/comments?post=115177"}],"version-history":[{"count":0,"href":"https:\/\/www.emmentaler.ch\/es\/wp-json\/wp\/v2\/pages\/115177\/revisions"}],"up":[{"embeddable":true,"href":"https:\/\/www.emmentaler.ch\/es\/wp-json\/wp\/v2\/pages\/115173"}],"wp:featuredmedia":[{"embeddable":true,"href":"https:\/\/www.emmentaler.ch\/es\/wp-json\/wp\/v2\/media\/104036"}],"wp:attachment":[{"href":"https:\/\/www.emmentaler.ch\/es\/wp-json\/wp\/v2\/media?parent=115177"}],"wp:term":[{"taxonomy":"post_tag","embeddable":true,"href":"https:\/\/www.emmentaler.ch\/es\/wp-json\/wp\/v2\/tags?post=115177"},{"taxonomy":"et_countries","embeddable":true,"href":"https:\/\/www.emmentaler.ch\/es\/wp-json\/wp\/v2\/et_countries?post=115177"}],"curies":[{"name":"wp","href":"https:\/\/api.w.org\/{rel}","templated":true}]}}