{"id":69119,"date":"2022-02-15T14:21:17","date_gmt":"2022-02-15T13:21:17","guid":{"rendered":"https:\/\/www.emmentaler.ch\/declaracion-de-cookies"},"modified":"2023-09-01T11:05:41","modified_gmt":"2023-09-01T09:05:41","slug":"declaracion-de-cookies","status":"publish","type":"page","link":"https:\/\/www.emmentaler.ch\/es\/declaracion-de-cookies","title":{"rendered":"Declaraci\u00f3n de cookies"},"content":{"rendered":"\t\t<div data-elementor-type=\"wp-page\" data-elementor-id=\"69119\" class=\"elementor elementor-69119 elementor-286\" data-elementor-post-type=\"page\">\n\t\t\t\t\t\t<div class=\"elementor-inner\">\n\t\t\t\t<div class=\"elementor-section-wrap\">\n\t\t\t\t\t\t\t\t\t<section class=\"elementor-section elementor-top-section elementor-element elementor-element-5f23062 elementor-section-boxed elementor-section-height-default elementor-section-height-default\" data-id=\"5f23062\" data-element_type=\"section\" data-settings=\"{&quot;jet_parallax_layout_list&quot;:[]}\">\n\t\t\t\t\t\t<div class=\"elementor-container elementor-column-gap-default\">\n\t\t\t\t\t\t\t<div class=\"elementor-row\">\n\t\t\t\t\t<div class=\"elementor-column elementor-col-33 elementor-top-column elementor-element elementor-element-40548fa3 elementor-hidden-mobile\" data-id=\"40548fa3\" data-element_type=\"column\" data-settings=\"{&quot;background_background&quot;:&quot;gradient&quot;}\">\n\t\t\t<div class=\"elementor-column-wrap elementor-element-populated\">\n\t\t\t\t\t\t\t<div class=\"elementor-widget-wrap\">\n\t\t\t\t\t\t<div class=\"elementor-element elementor-element-2e875ee5 elementor-widget elementor-widget-heading\" data-id=\"2e875ee5\" data-element_type=\"widget\" data-widget_type=\"heading.default\">\n\t\t\t\t<div class=\"elementor-widget-container\">\n\t\t\t<h2 class=\"elementor-heading-title elementor-size-default\">M\u00e1s informaci\u00f3n<\/h2>\t\t<\/div>\n\t\t\t\t<\/div>\n\t\t\t\t<div class=\"elementor-element elementor-element-1152c103 elementor-nav-menu__align-left elementor-nav-menu--dropdown-none elementor-widget elementor-widget-nav-menu\" data-id=\"1152c103\" data-element_type=\"widget\" data-settings=\"{&quot;layout&quot;:&quot;vertical&quot;,&quot;submenu_icon&quot;:{&quot;value&quot;:&quot;&lt;i class=\\&quot;\\&quot;&gt;&lt;\\\/i&gt;&quot;,&quot;library&quot;:&quot;&quot;}}\" data-widget_type=\"nav-menu.default\">\n\t\t\t\t<div class=\"elementor-widget-container\">\n\t\t\t\t\t\t<nav class=\"elementor-nav-menu--main elementor-nav-menu__container elementor-nav-menu--layout-vertical e--pointer-none\">\n\t\t\t\t<ul id=\"menu-1-1152c103\" class=\"elementor-nav-menu sm-vertical\"><li class=\"menu-item menu-item-type-post_type menu-item-object-page menu-item-70769\"><a href=\"https:\/\/www.emmentaler.ch\/es\/impressum\" class=\"elementor-item\">Impressum<\/a><\/li>\n<li class=\"menu-item menu-item-type-post_type menu-item-object-page menu-item-70770\"><a href=\"https:\/\/www.emmentaler.ch\/es\/privacy-policy\" class=\"elementor-item\">Pol\u00edtica de confidencialidad<\/a><\/li>\n<li class=\"menu-item menu-item-type-post_type menu-item-object-page menu-item-70771\"><a href=\"https:\/\/www.emmentaler.ch\/es\/declaracion-de-cookies\" class=\"elementor-item\">Declaraci\u00f3n de cookies<\/a><\/li>\n<\/ul>\t\t\t<\/nav>\n\t\t\t\t\t\t<nav class=\"elementor-nav-menu--dropdown elementor-nav-menu__container\" aria-hidden=\"true\">\n\t\t\t\t<ul id=\"menu-2-1152c103\" class=\"elementor-nav-menu sm-vertical\"><li class=\"menu-item menu-item-type-post_type menu-item-object-page menu-item-70769\"><a href=\"https:\/\/www.emmentaler.ch\/es\/impressum\" class=\"elementor-item\" tabindex=\"-1\">Impressum<\/a><\/li>\n<li class=\"menu-item menu-item-type-post_type menu-item-object-page menu-item-70770\"><a href=\"https:\/\/www.emmentaler.ch\/es\/privacy-policy\" class=\"elementor-item\" tabindex=\"-1\">Pol\u00edtica de confidencialidad<\/a><\/li>\n<li class=\"menu-item menu-item-type-post_type menu-item-object-page menu-item-70771\"><a href=\"https:\/\/www.emmentaler.ch\/es\/declaracion-de-cookies\" class=\"elementor-item\" tabindex=\"-1\">Declaraci\u00f3n de cookies<\/a><\/li>\n<\/ul>\t\t\t<\/nav>\n\t\t\t\t<\/div>\n\t\t\t\t<\/div>\n\t\t\t\t\t\t<\/div>\n\t\t\t\t\t<\/div>\n\t\t<\/div>\n\t\t\t\t<div class=\"elementor-column elementor-col-66 elementor-top-column elementor-element elementor-element-56782fd\" data-id=\"56782fd\" data-element_type=\"column\">\n\t\t\t<div class=\"elementor-column-wrap elementor-element-populated\">\n\t\t\t\t\t\t\t<div class=\"elementor-widget-wrap\">\n\t\t\t\t\t\t<section class=\"elementor-section elementor-inner-section elementor-element elementor-element-31dd14b elementor-section-boxed elementor-section-height-default elementor-section-height-default\" data-id=\"31dd14b\" data-element_type=\"section\" data-settings=\"{&quot;jet_parallax_layout_list&quot;:[]}\">\n\t\t\t\t\t\t<div class=\"elementor-container elementor-column-gap-default\">\n\t\t\t\t\t\t\t<div class=\"elementor-row\">\n\t\t\t\t\t<div class=\"elementor-column elementor-col-50 elementor-inner-column elementor-element elementor-element-13e13129\" data-id=\"13e13129\" data-element_type=\"column\">\n\t\t\t<div class=\"elementor-column-wrap elementor-element-populated\">\n\t\t\t\t\t\t\t<div class=\"elementor-widget-wrap\">\n\t\t\t\t\t\t<div class=\"elementor-element elementor-element-9e9ca9 elementor-widget elementor-widget-heading\" data-id=\"9e9ca9\" data-element_type=\"widget\" data-widget_type=\"heading.default\">\n\t\t\t\t<div class=\"elementor-widget-container\">\n\t\t\t<h2 class=\"elementor-heading-title elementor-size-default\">Emmentaler Switzerland<\/h2>\t\t<\/div>\n\t\t\t\t<\/div>\n\t\t\t\t<div class=\"elementor-element elementor-element-bf893a5 elementor-widget elementor-widget-text-editor\" data-id=\"bf893a5\" data-element_type=\"widget\" data-widget_type=\"text-editor.default\">\n\t\t\t\t<div class=\"elementor-widget-container\">\n\t\t\t\t\t\t\t\t<div class=\"elementor-text-editor elementor-clearfix\">\n\t\t\t\t<p>Consortium Emmentaler AOP<br \/>\nZieglerstrasse 43 B<br \/>\nPostfach<br \/>\n3007 Bern<br \/>\nSchweiz<\/p>\n\t\t\t\t\t<\/div>\n\t\t\t\t\t\t<\/div>\n\t\t\t\t<\/div>\n\t\t\t\t\t\t<\/div>\n\t\t\t\t\t<\/div>\n\t\t<\/div>\n\t\t\t\t<div class=\"elementor-column elementor-col-50 elementor-inner-column elementor-element elementor-element-6b476fda\" data-id=\"6b476fda\" data-element_type=\"column\">\n\t\t\t<div class=\"elementor-column-wrap elementor-element-populated\">\n\t\t\t\t\t\t\t<div class=\"elementor-widget-wrap\">\n\t\t\t\t\t\t<div class=\"elementor-element elementor-element-3cbd9fac elementor-widget elementor-widget-text-editor\" data-id=\"3cbd9fac\" data-element_type=\"widget\" data-widget_type=\"text-editor.default\">\n\t\t\t\t<div class=\"elementor-widget-container\">\n\t\t\t\t\t\t\t\t<div class=\"elementor-text-editor elementor-clearfix\">\n\t\t\t\t<p>Tel\u00e9fono +41 (0)31 388 42 42<br \/>Telefax +41 (0)31 388 42 40<br \/><a href=\"mailto:info@emmentaler.ch\">info@emmentaler.ch<\/a><br \/><a href=\"https:\/\/emmentaler.ch\" target=\"_blank\" rel=\"noopener noreferrer nofollow\">www.emmentaler.ch<\/a><\/p>\n\t\t\t\t\t<\/div>\n\t\t\t\t\t\t<\/div>\n\t\t\t\t<\/div>\n\t\t\t\t\t\t<\/div>\n\t\t\t\t\t<\/div>\n\t\t<\/div>\n\t\t\t\t\t\t\t\t<\/div>\n\t\t\t\t\t<\/div>\n\t\t<\/section>\n\t\t\t\t\t\t<\/div>\n\t\t\t\t\t<\/div>\n\t\t<\/div>\n\t\t\t\t\t\t\t\t<\/div>\n\t\t\t\t\t<\/div>\n\t\t<\/section>\n\t\t\t\t<section class=\"elementor-section elementor-top-section elementor-element elementor-element-06956a1 elementor-section-boxed elementor-section-height-default elementor-section-height-default\" data-id=\"06956a1\" data-element_type=\"section\" data-settings=\"{&quot;jet_parallax_layout_list&quot;:[]}\">\n\t\t\t\t\t\t<div class=\"elementor-container elementor-column-gap-default\">\n\t\t\t\t\t\t\t<div class=\"elementor-row\">\n\t\t\t\t\t<div class=\"elementor-column elementor-col-100 elementor-top-column elementor-element elementor-element-39e7f06\" data-id=\"39e7f06\" data-element_type=\"column\">\n\t\t\t<div class=\"elementor-column-wrap elementor-element-populated\">\n\t\t\t\t\t\t\t<div class=\"elementor-widget-wrap\">\n\t\t\t\t\t\t<div class=\"elementor-element elementor-element-d076430 elementor-widget elementor-widget-text-editor\" data-id=\"d076430\" data-element_type=\"widget\" data-widget_type=\"text-editor.default\">\n\t\t\t\t<div class=\"elementor-widget-container\">\n\t\t\t\t\t\t\t\t<div class=\"elementor-text-editor elementor-clearfix\">\n\t\t\t\t<p>Este sitio web utiliza cookies. Utilizamos cookies para personalizar el contenido y los anuncios, para ofrecer funciones de redes sociales y para analizar el tr\u00e1fico de nuestro sitio web. Tambi\u00e9n compartimos informaci\u00f3n sobre su uso de nuestro sitio web con nuestros socios de redes sociales, publicidad y an\u00e1lisis. Nuestros socios pueden combinar esta informaci\u00f3n con otros datos que usted les haya proporcionado o que hayan recogido en el transcurso de su uso de los Servicios.<\/p>\n<p>Las cookies son peque\u00f1os archivos de texto utilizados por los sitios web para hacer m\u00e1s eficiente la experiencia del usuario.<\/p>\n<p>Por ley, podemos almacenar cookies en su dispositivo si son estrictamente necesarias para el funcionamiento de este sitio. Para todos los dem\u00e1s tipos de cookies, necesitamos su permiso.<\/p>\n<p>Este sitio utiliza diferentes tipos de cookies. Algunas cookies son colocadas por terceros que aparecen en nuestras p\u00e1ginas.<\/p>\n<p>Su consentimiento se aplica a los siguientes dominios: <a href=\"https:\/\/www.emmentaler.ch\">www.emmentaler.ch<\/a><\/p>\n<p>.<\/p>\n\t\t\t\t\t<\/div>\n\t\t\t\t\t\t<\/div>\n\t\t\t\t<\/div>\n\t\t\t\t<div class=\"elementor-element elementor-element-dc5959b elementor-align-center elementor-widget elementor-widget-button\" data-id=\"dc5959b\" data-element_type=\"widget\" data-widget_type=\"button.default\">\n\t\t\t\t<div class=\"elementor-widget-container\">\n\t\t\t\t\t<div class=\"elementor-button-wrapper\">\n\t\t\t<a class=\"elementor-button elementor-button-link elementor-size-sm\" href=\"https:\/\/www.emmentaler.ch\/es\/declaracion-de-cookies#gdpr_cookie_modal\">\n\t\t\t\t\t\t<span class=\"elementor-button-content-wrapper\">\n\t\t\t\t\t\t<span class=\"elementor-button-text\">Verificar configuraci\u00f3n de cookies<\/span>\n\t\t<\/span>\n\t\t\t\t\t<\/a>\n\t\t<\/div>\n\t\t\t\t<\/div>\n\t\t\t\t<\/div>\n\t\t\t\t\t\t<\/div>\n\t\t\t\t\t<\/div>\n\t\t<\/div>\n\t\t\t\t\t\t\t\t<\/div>\n\t\t\t\t\t<\/div>\n\t\t<\/section>\n\t\t\t\t\t\t\t\t\t<\/div>\n\t\t\t<\/div>\n\t\t\t\t\t<\/div>\n\t\t","protected":false},"excerpt":{"rendered":"<p>M\u00e1s informaci\u00f3n Emmentaler Switzerland Consortium Emmentaler AOP Zieglerstrasse 43 B Postfach 3007 Bern Schweiz Tel\u00e9fono +41 (0)31 388 42 42Telefax +41 (0)31 388 42 40info@emmentaler.chwww.emmentaler.ch Este sitio web utiliza cookies. Utilizamos cookies para personalizar el contenido y los anuncios, para ofrecer funciones de redes sociales y para analizar el tr\u00e1fico de nuestro sitio web. Tambi\u00e9n [&hellip;]<\/p>\n","protected":false},"author":2,"featured_media":0,"parent":0,"menu_order":0,"comment_status":"closed","ping_status":"closed","template":"","meta":{"inline_featured_image":false,"footnotes":""},"tags":[],"et_countries":[],"acf":{"additional_infos_teaser_title":"","additional_infos_related_contents":null},"_links":{"self":[{"href":"https:\/\/www.emmentaler.ch\/es\/wp-json\/wp\/v2\/pages\/69119"}],"collection":[{"href":"https:\/\/www.emmentaler.ch\/es\/wp-json\/wp\/v2\/pages"}],"about":[{"href":"https:\/\/www.emmentaler.ch\/es\/wp-json\/wp\/v2\/types\/page"}],"author":[{"embeddable":true,"href":"https:\/\/www.emmentaler.ch\/es\/wp-json\/wp\/v2\/users\/2"}],"replies":[{"embeddable":true,"href":"https:\/\/www.emmentaler.ch\/es\/wp-json\/wp\/v2\/comments?post=69119"}],"version-history":[{"count":2,"href":"https:\/\/www.emmentaler.ch\/es\/wp-json\/wp\/v2\/pages\/69119\/revisions"}],"predecessor-version":[{"id":131392,"href":"https:\/\/www.emmentaler.ch\/es\/wp-json\/wp\/v2\/pages\/69119\/revisions\/131392"}],"wp:attachment":[{"href":"https:\/\/www.emmentaler.ch\/es\/wp-json\/wp\/v2\/media?parent=69119"}],"wp:term":[{"taxonomy":"post_tag","embeddable":true,"href":"https:\/\/www.emmentaler.ch\/es\/wp-json\/wp\/v2\/tags?post=69119"},{"taxonomy":"et_countries","embeddable":true,"href":"https:\/\/www.emmentaler.ch\/es\/wp-json\/wp\/v2\/et_countries?post=69119"}],"curies":[{"name":"wp","href":"https:\/\/api.w.org\/{rel}","templated":true}]}}