{"id":69195,"date":"2022-02-15T14:20:14","date_gmt":"2022-02-15T13:20:14","guid":{"rendered":"https:\/\/www.emmentaler.ch\/mentions-legales"},"modified":"2023-01-11T13:19:33","modified_gmt":"2023-01-11T12:19:33","slug":"mentions-legales","status":"publish","type":"page","link":"https:\/\/www.emmentaler.ch\/fr\/mentions-legales","title":{"rendered":"Mentions l\u00e9gales"},"content":{"rendered":"\t\t<div data-elementor-type=\"wp-page\" data-elementor-id=\"69195\" class=\"elementor elementor-69195 elementor-280\" data-elementor-post-type=\"page\">\n\t\t\t\t\t\t<div class=\"elementor-inner\">\n\t\t\t\t<div class=\"elementor-section-wrap\">\n\t\t\t\t\t\t\t\t\t<section class=\"elementor-section elementor-top-section elementor-element elementor-element-3c496c0 elementor-section-boxed elementor-section-height-default elementor-section-height-default\" data-id=\"3c496c0\" data-element_type=\"section\" data-settings=\"{&quot;jet_parallax_layout_list&quot;:[]}\">\n\t\t\t\t\t\t<div class=\"elementor-container elementor-column-gap-default\">\n\t\t\t\t\t\t\t<div class=\"elementor-row\">\n\t\t\t\t\t<div class=\"elementor-column elementor-col-33 elementor-top-column elementor-element elementor-element-ddfb282\" data-id=\"ddfb282\" data-element_type=\"column\" data-settings=\"{&quot;background_background&quot;:&quot;gradient&quot;}\">\n\t\t\t<div class=\"elementor-column-wrap elementor-element-populated\">\n\t\t\t\t\t\t\t<div class=\"elementor-widget-wrap\">\n\t\t\t\t\t\t<div class=\"elementor-element elementor-element-d307351 elementor-widget elementor-widget-heading\" data-id=\"d307351\" data-element_type=\"widget\" data-widget_type=\"heading.default\">\n\t\t\t\t<div class=\"elementor-widget-container\">\n\t\t\t<h2 class=\"elementor-heading-title elementor-size-default\">Plus d'infos<\/h2>\t\t<\/div>\n\t\t\t\t<\/div>\n\t\t\t\t<div class=\"elementor-element elementor-element-d77add4 elementor-nav-menu__align-left elementor-nav-menu--dropdown-none elementor-widget elementor-widget-nav-menu\" data-id=\"d77add4\" data-element_type=\"widget\" data-settings=\"{&quot;layout&quot;:&quot;vertical&quot;,&quot;submenu_icon&quot;:{&quot;value&quot;:&quot;&lt;i class=\\&quot;\\&quot;&gt;&lt;\\\/i&gt;&quot;,&quot;library&quot;:&quot;&quot;}}\" data-widget_type=\"nav-menu.default\">\n\t\t\t\t<div class=\"elementor-widget-container\">\n\t\t\t\t\t\t<nav class=\"elementor-nav-menu--main elementor-nav-menu__container elementor-nav-menu--layout-vertical e--pointer-none\">\n\t\t\t\t<ul id=\"menu-1-d77add4\" class=\"elementor-nav-menu sm-vertical\"><li class=\"menu-item menu-item-type-post_type menu-item-object-page menu-item-70763\"><a href=\"https:\/\/www.emmentaler.ch\/fr\/mentions-legales\" class=\"elementor-item\">Mentions l\u00e9gales<\/a><\/li>\n<li class=\"menu-item menu-item-type-post_type menu-item-object-page menu-item-70764\"><a href=\"https:\/\/www.emmentaler.ch\/fr\/privacy-policy\" class=\"elementor-item\">Politique de confidentialit\u00e9<\/a><\/li>\n<li class=\"menu-item menu-item-type-post_type menu-item-object-page menu-item-70765\"><a href=\"https:\/\/www.emmentaler.ch\/fr\/declaration-des-cookies\" class=\"elementor-item\">D\u00e9claration des cookies<\/a><\/li>\n<\/ul>\t\t\t<\/nav>\n\t\t\t\t\t\t<nav class=\"elementor-nav-menu--dropdown elementor-nav-menu__container\" aria-hidden=\"true\">\n\t\t\t\t<ul id=\"menu-2-d77add4\" class=\"elementor-nav-menu sm-vertical\"><li class=\"menu-item menu-item-type-post_type menu-item-object-page menu-item-70763\"><a href=\"https:\/\/www.emmentaler.ch\/fr\/mentions-legales\" class=\"elementor-item\" tabindex=\"-1\">Mentions l\u00e9gales<\/a><\/li>\n<li class=\"menu-item menu-item-type-post_type menu-item-object-page menu-item-70764\"><a href=\"https:\/\/www.emmentaler.ch\/fr\/privacy-policy\" class=\"elementor-item\" tabindex=\"-1\">Politique de confidentialit\u00e9<\/a><\/li>\n<li class=\"menu-item menu-item-type-post_type menu-item-object-page menu-item-70765\"><a href=\"https:\/\/www.emmentaler.ch\/fr\/declaration-des-cookies\" class=\"elementor-item\" tabindex=\"-1\">D\u00e9claration des cookies<\/a><\/li>\n<\/ul>\t\t\t<\/nav>\n\t\t\t\t<\/div>\n\t\t\t\t<\/div>\n\t\t\t\t\t\t<\/div>\n\t\t\t\t\t<\/div>\n\t\t<\/div>\n\t\t\t\t<div class=\"elementor-column elementor-col-66 elementor-top-column elementor-element elementor-element-785189f\" data-id=\"785189f\" data-element_type=\"column\">\n\t\t\t<div class=\"elementor-column-wrap elementor-element-populated\">\n\t\t\t\t\t\t\t<div class=\"elementor-widget-wrap\">\n\t\t\t\t\t\t<section class=\"elementor-section elementor-inner-section elementor-element elementor-element-24819f8 elementor-section-content-top elementor-section-boxed elementor-section-height-default elementor-section-height-default\" data-id=\"24819f8\" data-element_type=\"section\" data-settings=\"{&quot;jet_parallax_layout_list&quot;:[]}\">\n\t\t\t\t\t\t<div class=\"elementor-container elementor-column-gap-default\">\n\t\t\t\t\t\t\t<div class=\"elementor-row\">\n\t\t\t\t\t<div class=\"elementor-column elementor-col-50 elementor-inner-column elementor-element elementor-element-fa7009c\" data-id=\"fa7009c\" data-element_type=\"column\">\n\t\t\t<div class=\"elementor-column-wrap elementor-element-populated\">\n\t\t\t\t\t\t\t<div class=\"elementor-widget-wrap\">\n\t\t\t\t\t\t<div class=\"elementor-element elementor-element-7143539 elementor-widget elementor-widget-heading\" data-id=\"7143539\" data-element_type=\"widget\" data-widget_type=\"heading.default\">\n\t\t\t\t<div class=\"elementor-widget-container\">\n\t\t\t<h2 class=\"elementor-heading-title elementor-size-default\">Emmentaler Switzerland<\/h2>\t\t<\/div>\n\t\t\t\t<\/div>\n\t\t\t\t<div class=\"elementor-element elementor-element-2464472 elementor-widget elementor-widget-text-editor\" data-id=\"2464472\" data-element_type=\"widget\" data-widget_type=\"text-editor.default\">\n\t\t\t\t<div class=\"elementor-widget-container\">\n\t\t\t\t\t\t\t\t<div class=\"elementor-text-editor elementor-clearfix\">\n\t\t\t\t<p>Consortium Emmentaler AOP<br \/>\nZieglerstrasse 43 B<br \/>\nPostfach<br \/>\n3007 Bern<br \/>\nSchweiz<\/p>\n\t\t\t\t\t<\/div>\n\t\t\t\t\t\t<\/div>\n\t\t\t\t<\/div>\n\t\t\t\t<div class=\"elementor-element elementor-element-3b21094 elementor-widget elementor-widget-text-editor\" data-id=\"3b21094\" data-element_type=\"widget\" data-widget_type=\"text-editor.default\">\n\t\t\t\t<div class=\"elementor-widget-container\">\n\t\t\t\t\t\t\t\t<div class=\"elementor-text-editor elementor-clearfix\">\n\t\t\t\t<p>T\u00e9l\u00e9phone +41 (0)31 388 42 42<br \/>\nT\u00e9l\u00e9copie +41 (0)31 388 42 40<br \/>\ninfo@emmentaler.ch<br \/>\nwww.emmentaler.ch<\/p>\n\t\t\t\t\t<\/div>\n\t\t\t\t\t\t<\/div>\n\t\t\t\t<\/div>\n\t\t\t\t\t\t<\/div>\n\t\t\t\t\t<\/div>\n\t\t<\/div>\n\t\t\t\t<div class=\"elementor-column elementor-col-50 elementor-inner-column elementor-element elementor-element-13288d1\" data-id=\"13288d1\" data-element_type=\"column\">\n\t\t\t<div class=\"elementor-column-wrap elementor-element-populated\">\n\t\t\t\t\t\t\t<div class=\"elementor-widget-wrap\">\n\t\t\t\t\t\t<div class=\"elementor-element elementor-element-5e5d142 elementor-widget elementor-widget-heading\" data-id=\"5e5d142\" data-element_type=\"widget\" data-widget_type=\"heading.default\">\n\t\t\t\t<div class=\"elementor-widget-container\">\n\t\t\t<h2 class=\"elementor-heading-title elementor-size-default\">Concept et design<\/h2>\t\t<\/div>\n\t\t\t\t<\/div>\n\t\t\t\t<div class=\"elementor-element elementor-element-68afe73 elementor-widget elementor-widget-text-editor\" data-id=\"68afe73\" data-element_type=\"widget\" data-widget_type=\"text-editor.default\">\n\t\t\t\t<div class=\"elementor-widget-container\">\n\t\t\t\t\t\t\t\t<div class=\"elementor-text-editor elementor-clearfix\">\n\t\t\t\t<p><a href=\"https:\/\/zimmermann-communications.ch\" target=\"_blank\" rel=\"noopener nofollow\">zimmermann communications gmbh<\/a><\/p>\n\t\t\t\t\t<\/div>\n\t\t\t\t\t\t<\/div>\n\t\t\t\t<\/div>\n\t\t\t\t<div class=\"elementor-element elementor-element-f5251d9 elementor-widget elementor-widget-heading\" data-id=\"f5251d9\" data-element_type=\"widget\" data-widget_type=\"heading.default\">\n\t\t\t\t<div class=\"elementor-widget-container\">\n\t\t\t<h2 class=\"elementor-heading-title elementor-size-default\">R\u00e9alisation technique<\/h2>\t\t<\/div>\n\t\t\t\t<\/div>\n\t\t\t\t<div class=\"elementor-element elementor-element-4de8212 elementor-widget elementor-widget-text-editor\" data-id=\"4de8212\" data-element_type=\"widget\" data-widget_type=\"text-editor.default\">\n\t\t\t\t<div class=\"elementor-widget-container\">\n\t\t\t\t\t\t\t\t<div class=\"elementor-text-editor elementor-clearfix\">\n\t\t\t\t<p><a href=\"https:\/\/weooo.de\" target=\"_blank\" rel=\"noopener nofollow\">weooo gmbh<\/a><\/p>\n\t\t\t\t\t<\/div>\n\t\t\t\t\t\t<\/div>\n\t\t\t\t<\/div>\n\t\t\t\t\t\t<\/div>\n\t\t\t\t\t<\/div>\n\t\t<\/div>\n\t\t\t\t\t\t\t\t<\/div>\n\t\t\t\t\t<\/div>\n\t\t<\/section>\n\t\t\t\t\t\t<\/div>\n\t\t\t\t\t<\/div>\n\t\t<\/div>\n\t\t\t\t\t\t\t\t<\/div>\n\t\t\t\t\t<\/div>\n\t\t<\/section>\n\t\t\t\t<section class=\"elementor-section elementor-top-section elementor-element elementor-element-29bf66e7 elementor-section-boxed elementor-section-height-default elementor-section-height-default\" data-id=\"29bf66e7\" data-element_type=\"section\" data-settings=\"{&quot;jet_parallax_layout_list&quot;:[]}\">\n\t\t\t\t\t\t<div class=\"elementor-container elementor-column-gap-default\">\n\t\t\t\t\t\t\t<div class=\"elementor-row\">\n\t\t\t\t\t<div class=\"elementor-column elementor-col-100 elementor-top-column elementor-element elementor-element-7d1d54e2\" data-id=\"7d1d54e2\" data-element_type=\"column\">\n\t\t\t<div class=\"elementor-column-wrap elementor-element-populated\">\n\t\t\t\t\t\t\t<div class=\"elementor-widget-wrap\">\n\t\t\t\t\t\t<div class=\"elementor-element elementor-element-4112504 elementor-widget elementor-widget-heading\" data-id=\"4112504\" data-element_type=\"widget\" data-widget_type=\"heading.default\">\n\t\t\t\t<div class=\"elementor-widget-container\">\n\t\t\t<h2 class=\"elementor-heading-title elementor-size-default\">Informations l\u00e9gales<\/h2>\t\t<\/div>\n\t\t\t\t<\/div>\n\t\t\t\t<div class=\"elementor-element elementor-element-f50550e elementor-widget elementor-widget-text-editor\" data-id=\"f50550e\" data-element_type=\"widget\" data-widget_type=\"text-editor.default\">\n\t\t\t\t<div class=\"elementor-widget-container\">\n\t\t\t\t\t\t\t\t<div class=\"elementor-text-editor elementor-clearfix\">\n\t\t\t\tLes contenus du site Internet <a href=\"https:\/\/www.emmentaler.ch\">www.emmentaler.ch<\/a> ont \u00e9t\u00e9 \u00e9labor\u00e9s avec le plus grand soin. Cependant, Emmentaler Switzerland ne peut r\u00e9pondre de l\u2019exactitude, de l\u2019exhaustivit\u00e9 et de l\u2019actualisation des contenus publi\u00e9s. L\u2019utilisation des contenus du pr\u00e9sent site Internet se fait sous la responsabilit\u00e9 de l\u2019utilisateur. Les contributions nominatives refl\u00e8tent les opinions de leurs auteurs et pas n\u00e9cessairement celles de l\u2019entreprise.\r\n\r\nEmmentaler Switzerland ne peut \u00eatre tenue responsable du contenu d\u2019autres sites Internet, peu importe que de tels sites fassent r\u00e9f\u00e9rence \u00e0 notre propre site ou qu\u2019une r\u00e9f\u00e9rence \u00e0 ces sites figure sur le pr\u00e9sent site.\t\t\t\t\t<\/div>\n\t\t\t\t\t\t<\/div>\n\t\t\t\t<\/div>\n\t\t\t\t<div class=\"elementor-element elementor-element-54f509e elementor-widget elementor-widget-heading\" data-id=\"54f509e\" data-element_type=\"widget\" data-widget_type=\"heading.default\">\n\t\t\t\t<div class=\"elementor-widget-container\">\n\t\t\t<h2 class=\"elementor-heading-title elementor-size-default\">Commentaires<\/h2>\t\t<\/div>\n\t\t\t\t<\/div>\n\t\t\t\t<div class=\"elementor-element elementor-element-b47c11e elementor-widget elementor-widget-text-editor\" data-id=\"b47c11e\" data-element_type=\"widget\" data-widget_type=\"text-editor.default\">\n\t\t\t\t<div class=\"elementor-widget-container\">\n\t\t\t\t\t\t\t\t<div class=\"elementor-text-editor elementor-clearfix\">\n\t\t\t\t<p>Vos commentaires sont les bienvenus, particuli\u00e8rement s\u2019ils rejoignent nos centres d\u2019int\u00e9r\u00eats, s\u2019ils sont objectifs et formul\u00e9s de fa\u00e7on cordiale. Emmentaler Switzerland d\u00e9cline toute responsabilit\u00e9 concernant les trackbacks ou les liens dissimul\u00e9s dans des commentaires. Nous nous r\u00e9servons en outre le droit de supprimer des commentaires contenant de la publicit\u00e9, des messages portant atteinte \u00e0 la personnalit\u00e9 ou contraires aux lois en vigueur.<\/p>\n\t\t\t\t\t<\/div>\n\t\t\t\t\t\t<\/div>\n\t\t\t\t<\/div>\n\t\t\t\t<div class=\"elementor-element elementor-element-a7f2e99 elementor-widget elementor-widget-heading\" data-id=\"a7f2e99\" data-element_type=\"widget\" data-widget_type=\"heading.default\">\n\t\t\t\t<div class=\"elementor-widget-container\">\n\t\t\t<h2 class=\"elementor-heading-title elementor-size-default\">Droits d\u2018auteur<\/h2>\t\t<\/div>\n\t\t\t\t<\/div>\n\t\t\t\t<div class=\"elementor-element elementor-element-f4f43f1 elementor-widget elementor-widget-text-editor\" data-id=\"f4f43f1\" data-element_type=\"widget\" data-widget_type=\"text-editor.default\">\n\t\t\t\t<div class=\"elementor-widget-container\">\n\t\t\t\t\t\t\t\t<div class=\"elementor-text-editor elementor-clearfix\">\n\t\t\t\t<p>Les droits d\u2018auteur des contenus du pr\u00e9sent site Internet sont la propri\u00e9t\u00e9 d\u2018Emmentaler Switzerland. La pr\u00e9sentation de ce site dans des cadres autres que le n\u00f4tre requiert une autorisation pr\u00e9alable \u00e9crite.<br \/>\nLes marques et logos figurant sur ce site sont des marques d\u00e9pos\u00e9es d\u2019Emmentaler Switzerland. L\u2019utilisation de ces marques et logos par des tiers requiert l\u2019autorisation \u00e9crite du d\u00e9tenteur des droits.<\/p>\n<p>Droits d\u2018auteur pour les photos L\u2018Emmentaler\/La fromagerie de d\u00e9monstration: Emmentaler Schauk\u00e4serei<br \/>\nDroits d\u2019auteur pour les photos suivantes: Emmental Tourismus<br \/>\nL\u2018Emmentaler\/D\u00e9couvrir l\u2018Emmentaler<br \/>\nL\u2018Emmentaler\/La route du fromage<br \/>\nA propos de nous\/Emmentaler Switzerland<\/p>\n\t\t\t\t\t<\/div>\n\t\t\t\t\t\t<\/div>\n\t\t\t\t<\/div>\n\t\t\t\t\t\t<\/div>\n\t\t\t\t\t<\/div>\n\t\t<\/div>\n\t\t\t\t\t\t\t\t<\/div>\n\t\t\t\t\t<\/div>\n\t\t<\/section>\n\t\t\t\t\t\t\t\t\t<\/div>\n\t\t\t<\/div>\n\t\t\t\t\t<\/div>\n\t\t","protected":false},"excerpt":{"rendered":"<p>Plus d&rsquo;infos Emmentaler Switzerland Consortium Emmentaler AOP Zieglerstrasse 43 B Postfach 3007 Bern Schweiz T\u00e9l\u00e9phone +41 (0)31 388 42 42 T\u00e9l\u00e9copie +41 (0)31 388 42 40 info@emmentaler.ch www.emmentaler.ch Concept et design zimmermann communications gmbh R\u00e9alisation technique weooo gmbh Informations l\u00e9gales Les contenus du site Internet www.emmentaler.ch ont \u00e9t\u00e9 \u00e9labor\u00e9s avec le plus grand soin. Cependant, [&hellip;]<\/p>\n","protected":false},"author":2,"featured_media":0,"parent":0,"menu_order":0,"comment_status":"closed","ping_status":"closed","template":"","meta":{"inline_featured_image":false,"footnotes":""},"tags":[],"et_countries":[],"acf":{"additional_infos_teaser_title":"","additional_infos_related_contents":null},"_links":{"self":[{"href":"https:\/\/www.emmentaler.ch\/fr\/wp-json\/wp\/v2\/pages\/69195"}],"collection":[{"href":"https:\/\/www.emmentaler.ch\/fr\/wp-json\/wp\/v2\/pages"}],"about":[{"href":"https:\/\/www.emmentaler.ch\/fr\/wp-json\/wp\/v2\/types\/page"}],"author":[{"embeddable":true,"href":"https:\/\/www.emmentaler.ch\/fr\/wp-json\/wp\/v2\/users\/2"}],"replies":[{"embeddable":true,"href":"https:\/\/www.emmentaler.ch\/fr\/wp-json\/wp\/v2\/comments?post=69195"}],"version-history":[{"count":0,"href":"https:\/\/www.emmentaler.ch\/fr\/wp-json\/wp\/v2\/pages\/69195\/revisions"}],"wp:attachment":[{"href":"https:\/\/www.emmentaler.ch\/fr\/wp-json\/wp\/v2\/media?parent=69195"}],"wp:term":[{"taxonomy":"post_tag","embeddable":true,"href":"https:\/\/www.emmentaler.ch\/fr\/wp-json\/wp\/v2\/tags?post=69195"},{"taxonomy":"et_countries","embeddable":true,"href":"https:\/\/www.emmentaler.ch\/fr\/wp-json\/wp\/v2\/et_countries?post=69195"}],"curies":[{"name":"wp","href":"https:\/\/api.w.org\/{rel}","templated":true}]}}