{"id":142180,"date":"2025-09-15T17:00:26","date_gmt":"2025-09-15T15:00:26","guid":{"rendered":"https:\/\/www.emmentaler.ch\/?page_id=142180"},"modified":"2025-09-15T17:10:04","modified_gmt":"2025-09-15T15:10:04","slug":"regolamento-art-11-d-p-r-26-ottobre-2001-v2025-09-15","status":"publish","type":"page","link":"https:\/\/www.emmentaler.ch\/it\/regolamento-art-11-d-p-r-26-ottobre-2001-v2025-09-15","title":{"rendered":"REGOLAMENTO ART. 11 D.P.R. 26 OTTOBRE 2001 &#8211; v2025-09-15"},"content":{"rendered":"\t\t<div data-elementor-type=\"wp-page\" data-elementor-id=\"142180\" class=\"elementor elementor-142180\" data-elementor-post-type=\"page\">\n\t\t\t\t\t\t<div class=\"elementor-inner\">\n\t\t\t\t<div class=\"elementor-section-wrap\">\n\t\t\t\t\t\t\t\t\t<section class=\"elementor-section elementor-top-section elementor-element elementor-element-1be263d elementor-section-boxed elementor-section-height-default elementor-section-height-default\" data-id=\"1be263d\" data-element_type=\"section\" data-settings=\"{&quot;jet_parallax_layout_list&quot;:[]}\">\n\t\t\t\t\t\t<div class=\"elementor-container elementor-column-gap-default\">\n\t\t\t\t\t\t\t<div class=\"elementor-row\">\n\t\t\t\t\t<div class=\"elementor-column elementor-col-100 elementor-top-column elementor-element elementor-element-7e4dddd\" data-id=\"7e4dddd\" data-element_type=\"column\">\n\t\t\t<div class=\"elementor-column-wrap elementor-element-populated\">\n\t\t\t\t\t\t\t<div class=\"elementor-widget-wrap\">\n\t\t\t\t\t\t<div class=\"elementor-element elementor-element-f9c2e97 elementor-widget elementor-widget-text-editor\" data-id=\"f9c2e97\" data-element_type=\"widget\" data-widget_type=\"text-editor.default\">\n\t\t\t\t<div class=\"elementor-widget-container\">\n\t\t\t\t\t\t\t\t<div class=\"elementor-text-editor elementor-clearfix\">\n\t\t\t\t<h1 style=\"text-align: center;\">REGOLAMENTO ART. 11 D.P.R. 26 OTTOBRE 2001, 430<\/h1>\n<h2 style=\"text-align: center;\">CONCORSO A PREMI \u201cVINCI EMMENTALER\u201d<\/h2>\n<h3>1. Soggetto promotore<\/h3>\n<p>Societ\u00e0 promotrice \u00e8 SWITZERLAND CHEESE MARKETING ITALIA con sede legale in Via Boccaccio 15A \u2013 20123 Milano (MI), CF\/P.IVA 12746050157 &#8211; Registro Imprese di Milano n. 12746050157.<\/p>\n<h3>2. Soggetto Delegato<\/h3>\n<p>Societ\u00e0 delegate sono:<\/p>\n<ul>\n<li>CHILD THE AGENCY S.R.L. con sede in Via Mangone Fabio 1A &#8211; 20122 Milano (MI) \u2013 P. Iva e C.F. 12300420960<\/li>\n<li>Promosfera S.r.l. con sede legale in Casorate Sempione (VA), Via XXV Aprile n. 56; C.F. e P. Iva 02250050024<\/li>\n<\/ul>\n<h3>3. Soggetti destinatari<\/h3>\n<p>I destinatari del concorso sono i soggetti maggiorenni residenti in Italia o nella Repubblica di San Marino iscritti a Instagram ed in possesso di un account pubblico e non privato per tutta la durata della manifestazione. Sono esclusi dalla partecipazione coloro che intrattengono un rapporto di collaborazione e\/o dipendenza con la societ\u00e0 promotrice. Sono altres\u00ec esclusi i soggetti coinvolti nell\u2019organizzazione e nella gestione del concorso.<\/p>\n<p>Il presente concorso non \u00e8 in nessun modo sponsorizzato, amministrato o associato alla piattaforma social \u201cInstagram\u201d gestita da Meta, n\u00e9 ad altro social network. Qualsiasi informazione fornita dai partecipanti non sar\u00e0 gestita da Instagram ma dalla Societ\u00e0 Promotrice o dalla Societ\u00e0 Delegata. Instagram non potr\u00e0 essere ritenuto responsabile in caso di problemi. Ciascuno dei partecipanti solleva Instagram da qualsiasi responsabilit\u00e0 inerente la partecipazione alla presente iniziativa.<\/p>\n<h3>4. Durata del concorso<\/h3>\n<p>La presente iniziativa sar\u00e0 valida <b>dal 17 al 23 Settembre 2025<\/b>.<\/p><p><b>L\u2019estrazione finale<\/b> \u00e8 prevista entro il <b>31 Ottobre 2025<\/b>.<\/p>\n<h3>5. Prodotti promozionati \u2013 Obiettivo del concorso<\/h3>\n<p>Il marchio promozionato \u00e8 Emmentaler Switzerland DOP e la presente iniziativa viene svolta con l\u2019obiettivo di aumentare la visibilit\u00e0 del marchio promozionato ed aumentare il coinvolgimento degli utenti sul profilo Instagram del Promotore <strong>@emmentaler_italia<\/strong>.<\/p>\n<h3>6. Modalit\u00e0 di partecipazione<\/h3>\n<p>Il giorno 17 Settembre 2025, sul profilo ufficiale Instagram <strong>@emmentaler_italia<\/strong> sar\u00e0 condiviso un post promozionale che inviter\u00e0 gli utenti a commentare seguendo le istruzioni per partecipare al concorso.<\/p>\n<p>Per prendere parte al concorso, i destinatari dovranno commentare sotto al post promozionale con l\u2019hashtag dedicato al concorso <strong>#SvizzeraDaGustare<\/strong> e, se non lo fanno gi\u00e0, iniziare a seguire il profilo Instagram <strong>@emmentaler_italia<\/strong> e rimanere follower dello stesso fino al 181\u00b0 giorno successivo alla data di fine del concorso.<\/p>\n<p>Successivamente alla pubblicazione del commento il destinatario ricever\u00e0 un messaggio in Direct da parte del Soggetto Promotore che gli consentir\u00e0 di portare a termine la partecipazione al concorso.<sup>1<\/sup><\/p>\n<p>Il partecipante dovr\u00e0 seguire il flusso di partecipazione che gli sar\u00e0 proposto fornendo le risposte alle domande poste dalla chatbot. Coloro che avranno portato a termine l\u2019intero flusso di partecipazione, prenderanno parte all\u2019estrazione finale. Commenti al post pervenuti successivamente alla data del 23 Settembre 2025 non consentiranno di partecipare al concorso.<\/p>\n<p>Si precisa che tutti i commenti rilasciati dagli utenti che soddisferanno i requisiti sopra riportati, unitamente al nome del profilo social del partecipante, verranno automaticamente acquisiti attraverso un applicativo software e salvati su un database ubicato in Italia.<\/p>\n<h4>6.1 Limiti alla partecipazione<\/h4>\n<ul>\n<li>Ciascun destinatario potr\u00e0 partecipare al concorso solo una volta: partecipazioni plurime con il medesimo account Instagram non saranno possibili e verranno bloccate dal sistema;<\/li>\n<li>Ai fini della partecipazione non saranno considerati validi i commenti ai commenti;<\/li>\n<li>Nel caso in cui l\u2019utente modifichi il commento rilasciato, verr\u00e0 considerato valido solo il 1\u00b0 commento;<\/li>\n<li>Nel caso in cui l\u2019utente elimini il commento prima del 181\u00b0 giorno dopo la fine del concorso o tolga il follow alla pagina del Promotore, l\u2019eventuale vincita non potr\u00e0 essere convalidata.<\/li>\n<\/ul>\n<h3>7. Modalit\u00e0 di assegnazione dei premi<\/h3>\n<p>Tra tutte le partecipazioni valide pervenute di coloro che avranno completato tutto il flusso di partecipazione al concorso come sopra descritto, sar\u00e0 effettuata l\u2019estrazione finale di 51 vincitori e 30 riserve.<\/p>\n<p>I vincitori si aggiudicheranno uno dei premi in palio, e nello specifico:<\/p>\n<ul>\n<li>Il 1\u00b0 nominativo estratto si aggiudicher\u00e0 un weekend in Svizzera per 2 persone;<\/li>\n<li>Dal 2\u00b0 al 51\u00b0 nominativo estratto si aggiudicheranno ciascuno una fetta di Emmentaler Svizzero DOP da 2kg;<\/li>\n<li>Dal 52\u00b0 all\u201981\u00b0 nominativo estratto saranno considerati riserve.<\/li>\n<\/ul>\n<p>L\u2019estrazione avverr\u00e0 entro la data indicata al punto 4, alla presenza di un notaio o del responsabile della tutela del consumatore e della fede pubblica competente per territorio (art. 9 del D.P.R. 26 ottobre 2001, n. 430).<\/p>\n<p><strong>N.B.<\/strong> Qualora lo ritenga necessario al fine di poter verificare la regolarit\u00e0 della partecipazione, la Societ\u00e0 Promotrice si riserva il diritto di richiedere ai vincitori copia della carta d\u2019identit\u00e0, o documento valido e, in questo caso, se i dati immessi in fase di partecipazione non corrisponderanno al documento presentato non sar\u00e0 possibile assegnare il premio.<\/p>\n<p>I vincitori non possono contestare il premio assegnato, n\u00e9 richiedere il valore corrispondente in denaro o il cambio\/sostituzione per nessun motivo. Tuttavia, nel caso in cui il Soggetto Promotore non sia in grado di consegnare il premio vinto, si riserva il diritto di sostituire i premi annunciati con premi di valore uguale o superiore (circ 28\/3\/2002 punto 9.6). I vincitori non possono richiedere alcuna indennit\u00e0 in seguito ad eventuali danni conseguenti all\u2019accettazione e\/o all\u2019uso del premio.<\/p>\n<h3>8. Premi in palio<\/h3>\n<table border=\"1\" cellspacing=\"0\" cellpadding=\"6\">\n<thead>\n<tr>\n<th>PREMIO<\/th>\n<th>Quantit\u00e0<\/th>\n<th>Valore unitario IVA Esclusa<\/th>\n<th>Totale IVA Esclusa<\/th>\n<\/tr>\n<\/thead>\n<tbody>\n<tr>\n<td>FETTA DI EMMENTALER SVIZZERO DOP DA 2KG<\/td>\n<td>50<\/td>\n<td>\u20ac 34,62<\/td>\n<td>\u20ac 1.731,00<\/td>\n<\/tr>\n<tr>\n<td>WEEKEND IN SVIZZERA PER 2 PERSONE<\/td>\n<td>1<\/td>\n<td>\u20ac 1.000,00<\/td>\n<td>\u20ac 1.000,00<\/td>\n<\/tr>\n<\/tbody>\n<tfoot>\n<tr>\n<th colspan=\"3\">TOTALE<\/th>\n<th>\u20ac 2.731,00<\/th>\n<\/tr>\n<\/tfoot>\n<\/table>\n<p>IL MONTEPREMI complessivo ammonter\u00e0 a \u20ac 2.731,00 (Iva Esclusa). I valori dei premi sono da intendersi al valore del listino di vendita al pubblico alla data di stesura del presente regolamento.<\/p>\n<h4>8.1 Natura del premio<\/h4>\n<h5>WEEKEND IN SVIZZERA PER 2 PERSONE<\/h5>\n<p>Il premio comprende:<\/p>\n<ul>\n<li>1 notte in hotel per 2 persone;<\/li>\n<li>Swiss Travel Pass in 1\u00b0 classe per 2 persone, della durata di 4 giorni.<\/li>\n<\/ul>\n<p>Il premio non comprende: Tutto quanto non espressamente indicato.<\/p>\n<p>Si precisa che anche l\u2019accompagnatore scelto dal vincitore dovr\u00e0 essere maggiorenne. Maggiori informazioni relative ai modi e ai tempi di prenotazione verranno fornite in fase di notifica e accettazione del premio. Il premio non \u00e8 delegabile a terzi.<\/p>\n<h3>9. Notifica e consegna dei premi<\/h3>\n<h4>Estrazione finale<\/h4>\n<p>I vincitori dell\u2019estrazione finale saranno avvisati tramite e-mail, all\u2019indirizzo e-mail indicato in fase di partecipazione. I vincitori dell\u2019estrazione finale dovranno fornire accettazione del premio entro 5 giorni dal giorno successivo alla ricezione della notifica di vincita seguendo le indicazioni riportate all\u2019interno dell\u2019e-mail stessa.<\/p>\n<p>Nel caso in cui ciascun vincitore non dovesse dare accettazione del premio, o non dovesse inviare la documentazione richiesta entro i termini sopra riportati, si proceder\u00e0 con il contatto delle riserve (in ordine di estrazione). Qualora anche ciascuna riserva non dovesse dare accettazione del premio, o non dovesse inviare la documentazione richiesta entro i termini sopra riportati, si proceder\u00e0 con la devoluzione del premio alla Onlus.<\/p>\n<p>La Societ\u00e0 Promotrice non si assume alcuna responsabilit\u00e0 nel caso in cui si verifichi una delle seguenti condizioni:<\/p>\n<ul>\n<li>la mailbox di un vincitore risulti piena o disabilitata;<\/li>\n<li>l\u2019e-mail indicata dal Partecipante risulti inesistente, errata o incompleta;<\/li>\n<li>l\u2019e-mail di avviso vincita\/istruzioni per riscuotere il premio finisca nella casella di posta indesiderata;<\/li>\n<li>il vincitore non prenda visione della e-mail con le istruzioni necessarie per richiedere il Premio;<\/li>\n<li>il dispositivo del vincitore non sia protetto da misure di sicurezza che impediscano ad altri soggetti dallo stesso non autorizzati di accedere alla propria casella di posta.<\/li>\n<\/ul>\n<p><strong>ATTENZIONE!<\/strong> In base alle proprie personali impostazioni di sicurezza informatica e a quelle definite dagli \u201cinternet provider\u201d (es. Libero, Alice, Fastweb, Yahoo, Gmail etc.) alcune comunicazioni e-mail, sebbene prive di informazioni sospette o dati sensibili e garantite costantemente con appositi filtri Antivirus e AntiSpam, potrebbero essere riconosciute come SPAM o Posta indesiderata.<\/p>\n<p>In caso di mancata fruizione del premio ricevuto per cause non imputabili al Promotore il premio si intender\u00e0 comunque assegnato. Il vincitore non avr\u00e0 pi\u00f9 nulla a pretendere.<\/p>\n<p>I premi consegnati ai vincitori non potranno essere oggetto di scambi commerciali o pubblicitari.<\/p>\n<p>I premi verranno consegnati entro 180 giorni dalla conclusione della manifestazione in conformit\u00e0 al D.P.R. n\u00b0 430\/2001 \u2013 articolo 1, comma 3., nonch\u00e9 del Regolamento Europeo sulla protezione dei dati personali EU 679\/2016 (\u201cGDPR\u201d).<\/p>\n<h3>10. Gratuit\u00e0 della partecipazione<\/h3>\n<p>La partecipazione al concorso \u00e8 gratuita, salvo le eventuali ordinarie spese postali, telefoniche o di collegamento ad Internet necessarie ai fini della partecipazione stessa.<\/p>\n<h3>11. Pubblicit\u00e0 del Concorso e del Regolamento<\/h3>\n<p>La societ\u00e0 Promotrice comunicher\u00e0 il concorso attraverso campagne online, tramite e mediante il profilo social <strong>@emmentaler_italia<\/strong>. Il messaggio pubblicitario sar\u00e0 conforme a quanto dichiarato nel presente regolamento. Il regolamento completo sar\u00e0 messo a disposizione dei partecipanti tramite link in bio nella pagina Instagram <strong>@emmentaler_italia<\/strong> per tutta la durata del concorso.<\/p>\n<h3>12. Ambito territoriale<\/h3>\n<p>Il concorso sar\u00e0 valido su tutto il territorio italiano e nella Repubblica di San Marino.<\/p>\n<h3>13. Garanzie e Adempimenti<\/h3>\n<p>La raccolta delle partecipazioni avverr\u00e0 tramite software informatico per il quale viene redatta apposita dichiarazione sostitutiva di atto notorio sul corretto funzionamento dello stesso.<\/p>\n<p>Il database del concorso sar\u00e0 appoggiato su un server allocato nel territorio italiano, con sede in Italia.<\/p>\n<p>In ottemperanza a quanto richiesto dal DPR 430\/2001 art. 7, viene prestata idonea fidejussione a garanzia dell\u2019intero montepremi.<\/p>\n<p>Il presente concorso a premi si svolge nel rispetto del D.P.R. 26 Ottobre 2001, n\u00b0 430 e secondo le istruzioni indicate nella Circolare 28 Marzo n\u00b0 1\/AMTC del Ministero delle Imprese e del Made in Italy.<\/p>\n<p>La partecipazione alla presente manifestazione a premi comporta per il partecipante l\u2019accettazione incondizionata e totale delle regole e delle clausole contenute nel presente regolamento senza limitazione alcuna, ivi compreso il valore indicato dei premi in palio.<\/p>\n<p>In caso di palesi e rilevabili tentativi di truffa e di dichiarazioni false e inesatte, il Promotore si riserva di effettuare l\u2019immediata cancellazione dell\u2019utente. Verranno considerate non valide (e quindi annullate) le partecipazioni realizzate mediante email temporanee: il promotore si riserva, altres\u00ec, di inibire l\u2019utilizzo in fase di partecipazione delle email temporanee qualora identificate come tali.<\/p>\n<p>Qualora, la Societ\u00e0 promotrice o terze parti incaricate dalla stessa, dovessero individuare utenti che partecipano con mezzi e strumenti in grado di eludere l\u2019aleatoriet\u00e0, o comunque giudicati in maniera sospetta, fraudolenta, o in violazione del normale svolgimento dell\u2019iniziativa, o mediante l\u2019utilizzo di email temporanee, questi verranno esclusi dalla partecipazione e non potranno godere dell\u2019eventuale premio vinto.<\/p>\n<p>La Societ\u00e0 promotrice si riserva di escludere dal Concorso i consumatori che risulteranno aver partecipato al Concorso senza buona fede (doppie identit\u00e0, registrazioni multiple con diversi indirizzi e-mail, ecc). Pertanto, la Societ\u00e0 promotrice, o terze parti incaricate dalla stessa, si riservano il diritto di procedere, nei confronti di tutti i partecipanti e nei termini giudicati pi\u00f9 opportuni (che includono, se ritenuto necessario, la richiesta del documento di identit\u00e0) e nel rispetto delle leggi vigenti.<\/p>\n<p>La raccolta dei dati dei partecipanti avverr\u00e0 in ottemperanza alla normativa EU 679\/2016 (\u201cGDPR\u201d).<\/p>\n<h3>14. Strumenti elettronici e telematici<\/h3>\n<p>Il Promotore declina ogni responsabilit\u00e0 per qualsiasi problema di accesso, impedimento, disfunzione o difficolt\u00e0 riguardante gli strumenti tecnici, il computer, la linea telefonica, i cavi, l\u2019elettronica, il software e l\u2019hardware, la trasmissione e la connessione, il collegamento internet e la rete telefonica mobile e fissa che possa impedire ad un utente di partecipare al concorso.<\/p>\n<p>Declina altres\u00ec ogni responsabilit\u00e0 per problemi causati dalla configurazione del device dell\u2019utente che potrebbero ripercuotersi sulle prestazioni dell\u2019utente stesso in fase di partecipazione.<\/p>\n<h3>15. Rivalsa<\/h3>\n<p>La societ\u00e0 Promotrice non intende esercitare il diritto di rivalsa della ritenuta alla fonte prevista dall\u2019art. 30 del D.P.R. n\u00b0 600 del 29\/09\/73, e si fa carico del relativo onere tributario.<\/p>\n<h3>16. Onlus beneficiaria<\/h3>\n<p>I premi non richiesti o non assegnati, diversamente da quelli rifiutati, saranno devoluti all\u2019Associazione Onlus Amici della Guinea Bissau, con sede in via Maino, 2 \u2013 Busto Arsizio (VA). C.F: 90030520127.<\/p>\n<h3>17. Trattamento dei Dati Personali<\/h3>\n<h4>Informazioni da fornire ex art. 13, GDPR<\/h4>\n<p>I dati personali saranno trattati, con modalit\u00e0 prevalentemente elettroniche, da SWITZERLAND CHEESE MARKETING ITALIA \u2013 titolare del trattamento \u2013 per la gestione del concorso. La base giuridica del trattamento \u00e8 l\u2019adempimento degli obblighi assunti nei confronti dell\u2019interessato (art. 6, comma 1, lettera b), GDPR). La conservazione dei dati si protrarr\u00e0 per tutta la durata del concorso a premi e per i conseguenti adempimenti dettati dalla disciplina sulle manifestazioni a premio.<\/p>\n<p>Inoltre, saranno trattati per ottemperare a norme amministrative e di altro genere obbligatorie in forza di legge vigente nel nostro Paese o in virt\u00f9 di decisioni dell\u2019UE, sulla base giuridica dell\u2019adempimento di obblighi legali cui \u00e8 soggetto il titolare (art. 6, comma 1, lettera c), GDPR). Saranno conservati per il tempo imposto da tali discipline e dalle norme che regolano le manifestazioni a premi.<\/p>\n<p>Saranno anche trattati per elaborazioni statistiche sulle partecipazioni, con base giuridica il legittimo interesse (art. 6, comma 1, lettera f). GDPR \u2013 Considerando 47 \u2013 Opinion 09 aprile 2014, n. 6 del Working Party 29, par. III.3.1.). I dati identificativi saranno conservati fintanto che non saranno concluse le operazioni di trasformazione in forma aggregata.<\/p>\n<p>Previo consenso (art. 6, comma 1, lettera a), GDPR), i dati saranno trattati dal titolare per fini di contatti promozionali, offerte, sconti, omaggi, sondaggi e ricerche (via posta, e-mail, telefono, sms). A tale scopo, i dati saranno conservati fintanto che si ritiene che la persona possa essere interessata alla nostra attivit\u00e0 commerciale e, comunque, non oltre 24 mesi. Tale termine sar\u00e0 ridotto se si manifesta opposizione al trattamento dei dati per tali scopi, secondo le modalit\u00e0 pi\u00f9 oltre spiegate.<\/p>\n<p>Saranno comunicati al funzionario camerale per le operazioni connesse alla fase di assegnazione dei premi e verifica della conformit\u00e0 di partecipazione, in base a obbligo di legge (art. 6, comma 1, lettera c), GDPR).<\/p>\n<p>I dati richiesti sono di conferimento obbligatorio per i predetti fini e il loro mancato conferimento non permetter\u00e0 di espletare le attivit\u00e0 gestionali della manifestazione a premi e adempiere a norme di legge.<\/p>\n<p>Responsabile del trattamento \u00e8: CHILD THE AGENCY S.R.L.<\/p>\n<p>Subresponsabile del trattamento \u00e8: Promosfera Srl.<\/p>\n<p>Le persone autorizzate al trattamento sono preposte al servizio commerciale e marketing, al call center, ai sistemi informativi e di sicurezza dei dati.<\/p>\n<p>Ai sensi degli artt. 15-21, GDPR, scrivendo al titolare all\u2019indirizzo postale sopra riportato o all\u2019e-mail <a href=\"mailto:info@emmentaler.ch\">info@emmentaler.ch<\/a>, si pu\u00f2 richiedere elenco dei responsabili del trattamento e dei terzi cui i dati possono essere comunicati e si possono esercitare i diritti di accesso, rettifica, cancellazione, limitazione del trattamento dei dati, portabilit\u00e0 dei dati o opporsi al loro trattamento per motivi legittimi o per scopi di marketing diretto. Si pu\u00f2 presentare reclamo all\u2019autorit\u00e0 di controllo per far valere i propri diritti (Garante per la Protezione dei Dati Personali \u2013 Piazza Venezia 11, 00187 Roma (RM) \u2013 sito <a href=\"http:\/\/www.garanteprivacy.it\/\" rel=\"nofollow noopener\" target=\"_blank\">www.garanteprivacy.it<\/a>, inviando un\u2019e-mail a <a href=\"mailto:protocollo@pec.gpdp.it\">protocollo@pec.gpdp.it<\/a>, compilando il modello presente su <a href=\"https:\/\/www.garanteprivacy.it\/web\/guest\/home\/docweb\/-\/docweb-display\/docweb\/4535524\" rel=\"nofollow noopener\" target=\"_blank\">questa pagina<\/a>).<\/p>\n<hr>\n<p><small><sup>1<\/sup> I partecipanti dovranno verificare che il proprio profilo Instagram consenta la ricezione di messaggi da parte di utenti Instagram che non sono loro follower.<\/small><\/p>\t\t\t\t\t<\/div>\n\t\t\t\t\t\t<\/div>\n\t\t\t\t<\/div>\n\t\t\t\t\t\t<\/div>\n\t\t\t\t\t<\/div>\n\t\t<\/div>\n\t\t\t\t\t\t\t\t<\/div>\n\t\t\t\t\t<\/div>\n\t\t<\/section>\n\t\t\t\t\t\t\t\t\t<\/div>\n\t\t\t<\/div>\n\t\t\t\t\t<\/div>\n\t\t","protected":false},"excerpt":{"rendered":"<p>REGOLAMENTO ART. 11 D.P.R. 26 OTTOBRE 2001, 430 CONCORSO A PREMI \u201cVINCI EMMENTALER\u201d 1. Soggetto promotore Societ\u00e0 promotrice \u00e8 SWITZERLAND CHEESE MARKETING ITALIA con sede legale in Via Boccaccio 15A \u2013 20123 Milano (MI), CF\/P.IVA 12746050157 &#8211; Registro Imprese di Milano n. 12746050157. 2. Soggetto Delegato Societ\u00e0 delegate sono: CHILD THE AGENCY S.R.L. con sede [&hellip;]<\/p>\n","protected":false},"author":2,"featured_media":0,"parent":0,"menu_order":0,"comment_status":"closed","ping_status":"closed","template":"elementor_header_footer","meta":{"inline_featured_image":false,"footnotes":""},"tags":[],"et_countries":[],"acf":{"additional_infos_teaser_title":"","additional_infos_related_contents":""},"_links":{"self":[{"href":"https:\/\/www.emmentaler.ch\/it\/wp-json\/wp\/v2\/pages\/142180"}],"collection":[{"href":"https:\/\/www.emmentaler.ch\/it\/wp-json\/wp\/v2\/pages"}],"about":[{"href":"https:\/\/www.emmentaler.ch\/it\/wp-json\/wp\/v2\/types\/page"}],"author":[{"embeddable":true,"href":"https:\/\/www.emmentaler.ch\/it\/wp-json\/wp\/v2\/users\/2"}],"replies":[{"embeddable":true,"href":"https:\/\/www.emmentaler.ch\/it\/wp-json\/wp\/v2\/comments?post=142180"}],"version-history":[{"count":5,"href":"https:\/\/www.emmentaler.ch\/it\/wp-json\/wp\/v2\/pages\/142180\/revisions"}],"predecessor-version":[{"id":142186,"href":"https:\/\/www.emmentaler.ch\/it\/wp-json\/wp\/v2\/pages\/142180\/revisions\/142186"}],"wp:attachment":[{"href":"https:\/\/www.emmentaler.ch\/it\/wp-json\/wp\/v2\/media?parent=142180"}],"wp:term":[{"taxonomy":"post_tag","embeddable":true,"href":"https:\/\/www.emmentaler.ch\/it\/wp-json\/wp\/v2\/tags?post=142180"},{"taxonomy":"et_countries","embeddable":true,"href":"https:\/\/www.emmentaler.ch\/it\/wp-json\/wp\/v2\/et_countries?post=142180"}],"curies":[{"name":"wp","href":"https:\/\/api.w.org\/{rel}","templated":true}]}}